{"id":32079,"title":"Institutional information","type":"page","template":"default","content":"","excerpt":"","slug":"institutional-information","image":{"alt":"Ni\u00f1o con trabajadora de Ayuda en Acci\u00f3n","caption":"","height":767,"src":{"thumbnail":"https:\/\/ayudaenaccion.org\/uploads\/2024\/08\/nino-aea-desktop-150x60.jpg","small":"https:\/\/ayudaenaccion.org\/uploads\/2024\/08\/nino-aea-desktop-480x192.jpg","medium":"https:\/\/ayudaenaccion.org\/uploads\/2024\/08\/nino-aea-desktop-1024x409.jpg","large":"https:\/\/ayudaenaccion.org\/uploads\/2024\/08\/nino-aea-desktop.jpg","original":"https:\/\/ayudaenaccion.org\/uploads\/2024\/08\/nino-aea-desktop.jpg"},"width":1920},"date":"2024-08-01 09:47:19","hero":{"slides":[{"title":"Institutional information: the basis of who we are ","title_link":"","title_target":"_self","label":"","content":"<p>Informaci\u00f3n institucional: las bases de lo que somos<\/p>\n","show_content":"","video_url":"","img_size":"fullWidth","shadow":"1","type_title":"","image_footer_text":"","image":{"alt":"Ni\u00f1o con trabajadora de Ayuda en Acci\u00f3n","caption":"","height":767,"src":{"thumbnail":"https:\/\/ayudaenaccion.org\/uploads\/2024\/08\/nino-aea-desktop-150x60.jpg","small":"https:\/\/ayudaenaccion.org\/uploads\/2024\/08\/nino-aea-desktop-480x192.jpg","medium":"https:\/\/ayudaenaccion.org\/uploads\/2024\/08\/nino-aea-desktop-1024x409.jpg","large":"https:\/\/ayudaenaccion.org\/uploads\/2024\/08\/nino-aea-desktop.jpg","original":"https:\/\/ayudaenaccion.org\/uploads\/2024\/08\/nino-aea-desktop.jpg"},"width":1920},"image_mobile":{"alt":"","caption":"Roc\u00edo Wila, t\u00e9cnica de AYuda en Acci\u00f3n","height":558,"src":{"thumbnail":"https:\/\/ayudaenaccion.org\/uploads\/2024\/08\/RS33293_AeA-Esmeraldas-72_alt-150x100.jpg","small":"https:\/\/ayudaenaccion.org\/uploads\/2024\/08\/RS33293_AeA-Esmeraldas-72_alt-480x321.jpg","medium":"https:\/\/ayudaenaccion.org\/uploads\/2024\/08\/RS33293_AeA-Esmeraldas-72_alt.jpg","large":"https:\/\/ayudaenaccion.org\/uploads\/2024\/08\/RS33293_AeA-Esmeraldas-72_alt.jpg","original":"https:\/\/ayudaenaccion.org\/uploads\/2024\/08\/RS33293_AeA-Esmeraldas-72_alt.jpg"},"width":835},"cta":{"text":"","sub1":"","sub2":"","url":"","color":"button--bg-info","target":"_self","microcopy_text":"","microcopy_icon":null,"microcopy_color":""},"desktop_content_position":"right","mobile_content_position":"","background_color":"--color-verde-brillante","background_color_saturation":"","text_color":"","hero_title_tag":"1"}]},"flexible_content":{"items":[{"type":"layout_content","values":{"id":"","title":"Institutional and planning information","label":"","text":"<p><span style=\"font-weight: 400;\">Ayuda en Acci\u00f3n&#8217;s work is based on a series of documents that guide us. Check all the institutional information available.<\/span><\/p>\n","cta":{"type":"cta","values":{"text":"","sub1":"","sub2":"","cta_url":"","target":"_self","microcopy_text":"","microcopy_icon":null,"microcopy_color":""}},"margins":"","text_position":"","text_color":"","background_color":"bk-white","background_color_saturation":"","cta_color":"button--bg-main","content_title_tag":"","bk_extension":"full-width bk-white"}},{"type":"boxgrid","id":"","title":"We have a plan","text":"Our work over the next few years has clearly defined objectives and a path that you can read about in the following documents.","background_color":"bk-white","values":{"items":[{"type":"box","values":{"type":"box-image","text_color":"","distribution":"rows_2","background_color":"transparent","background_color_saturation":"","cta":{"type":"cta","values":{"text":"","sub1":"","sub2":"","cta_url":"","target":"_self","microcopy_text":"","microcopy_icon":null,"microcopy_color":""}},"cta_color":"white","cta2":{"type":"cta","values":{"text":"","sub1":"","sub2":"","cta_url":"","target":"_self","microcopy_text":"","microcopy_icon":null,"microcopy_color":""}},"cta2_color":"white","image":{"alt":"Joven de Ecuador","caption":"","height":552,"src":{"thumbnail":"https:\/\/ayudaenaccion.org\/uploads\/2024\/08\/joven-ecuador-1-150x113.jpg","small":"https:\/\/ayudaenaccion.org\/uploads\/2024\/08\/joven-ecuador-1-480x360.jpg","medium":"https:\/\/ayudaenaccion.org\/uploads\/2024\/08\/joven-ecuador-1.jpg","large":"https:\/\/ayudaenaccion.org\/uploads\/2024\/08\/joven-ecuador-1.jpg","original":"https:\/\/ayudaenaccion.org\/uploads\/2024\/08\/joven-ecuador-1.jpg"},"width":736},"label":"","text":"","title":"","subtitle":"","description":"","previewtext":""}},{"type":"box","values":{"type":"box-text","text_color":"","distribution":"rows_2","background_color":"secondary","background_color_saturation":"","cta":{"type":"cta","values":{"text":"SEE THE STRATEGY","sub1":"","sub2":"","cta_url":"\/uploads\/2024\/09\/Estrategia-MACC-AeA-V09-ENGLISH.pdf","target":"_self","microcopy_text":"","microcopy_icon":null,"microcopy_color":""}},"cta_color":"white","cta2":{"type":"cta","values":{"text":"","sub1":"","sub2":"","cta_url":"","target":"_self","microcopy_text":"","microcopy_icon":null,"microcopy_color":""}},"cta2_color":"white","image":null,"label":"Institutional strategy","text":"","title":"We work so that children and young people are protagonists in their lives and capable of transforming their communities.","subtitle":"","description":"","previewtext":""}},{"type":"box","values":{"type":"box-text","text_color":"","distribution":"rows_2","background_color":"turquesa-medio","background_color_saturation":"-faded","cta":{"type":"cta","values":{"text":"READ IT ","sub1":"","sub2":"","cta_url":"\/uploads\/2023\/12\/AYUDA-EN-ACCION-PLAN-2024.pdf","target":"_self","microcopy_text":"","microcopy_icon":null,"microcopy_color":""}},"cta_color":"white","cta2":{"type":"cta","values":{"text":"","sub1":"","sub2":"","cta_url":"","target":"_self","microcopy_text":"","microcopy_icon":null,"microcopy_color":""}},"cta2_color":"white","image":null,"label":"Action plan","text":"Only available in spanish","title":"Each year we draw up our work plan, which guides our actions during the year.","subtitle":"","description":"","previewtext":""}},{"type":"box","values":{"type":"box-image","text_color":"","distribution":"rows_2","background_color":"transparent","background_color_saturation":"","cta":{"type":"cta","values":{"text":"","sub1":"","sub2":"","cta_url":"","target":"_self","microcopy_text":"","microcopy_icon":null,"microcopy_color":""}},"cta_color":"white","cta2":{"type":"cta","values":{"text":"","sub1":"","sub2":"","cta_url":"","target":"_self","microcopy_text":"","microcopy_icon":null,"microcopy_color":""}},"cta2_color":"white","image":{"alt":"Joven Uganda","caption":"","height":552,"src":{"thumbnail":"https:\/\/ayudaenaccion.org\/uploads\/2024\/08\/escuela-pizarra-1-150x113.jpg","small":"https:\/\/ayudaenaccion.org\/uploads\/2024\/08\/escuela-pizarra-1-480x360.jpg","medium":"https:\/\/ayudaenaccion.org\/uploads\/2024\/08\/escuela-pizarra-1.jpg","large":"https:\/\/ayudaenaccion.org\/uploads\/2024\/08\/escuela-pizarra-1.jpg","original":"https:\/\/ayudaenaccion.org\/uploads\/2024\/08\/escuela-pizarra-1.jpg"},"width":736},"label":"","text":"","title":"","subtitle":"","description":"","previewtext":""}}]}},{"type":"media_component_serialized","id":"","randomid":"6a06ecc80fa03","title":"More institutional information","background_color":"bk-white","items":[{"type":"item_media_serialized","title":"Ayuda en Acci\u00f3n Bylaws","text":"<p><span style=\"font-weight: 400;\">They govern our internal regulations, our structure and our governance model. It is a frame of reference that helps the organization to work.<\/span><\/p>\n","select":"pdf","image":null,"zip":false,"pdf":{"ID":33300,"id":33300,"title":"AeA Bylaws Traducci\u00f3n jurada 2016","filename":"AeA-Bylaws-Traduccion-jurada-2016-1.pdf","filesize":7051537,"url":"https:\/\/ayudaenaccion.org\/uploads\/2024\/09\/AeA-Bylaws-Traduccion-jurada-2016-1.pdf","link":"https:\/\/ayudaenaccion.org\/en\/aea-bylaws-traduccion-jurada-2016-2\/","alt":"","author":"3","description":"","caption":"","name":"aea-bylaws-traduccion-jurada-2016-2","status":"inherit","uploaded_to":32079,"date":"2024-09-18 12:28:35","modified":"2024-09-18 12:29:24","menu_order":0,"mime_type":"application\/pdf","type":"application","subtype":"pdf","icon":"https:\/\/ayudaenaccion.org\/core\/wp-includes\/images\/media\/document.png"},"video":"","link":"","buttontext":"","microcopy_text":"","microcopy_icon":null,"microcopy_color":"","icon":{"alt":"transparencia","caption":"","height":96,"src":{"thumbnail":"https:\/\/ayudaenaccion.org\/uploads\/2024\/05\/icono-transparencia-96x.png","small":"https:\/\/ayudaenaccion.org\/uploads\/2024\/05\/icono-transparencia-96x.png","medium":"https:\/\/ayudaenaccion.org\/uploads\/2024\/05\/icono-transparencia-96x.png","large":"https:\/\/ayudaenaccion.org\/uploads\/2024\/05\/icono-transparencia-96x.png","original":"https:\/\/ayudaenaccion.org\/uploads\/2024\/05\/icono-transparencia-96x.png"},"width":96}},{"type":"item_media_serialized","title":"Registration","text":"<p><span style=\"font-weight: 400;\">The Fundaci\u00f3n Ayuda en Acci\u00f3n is legally registered in the corresponding registries, as shown in the notarial deed. Only available in spanish.<\/span><\/p>\n","select":"pdf","image":null,"zip":false,"pdf":{"ID":5151,"id":5151,"title":"Estatutos-formales-AeA-inscritos-2016","filename":"Estatutos-formales-AeA-inscritos-2016.pdf","filesize":4215893,"url":"https:\/\/ayudaenaccion.org\/uploads\/2021\/10\/Estatutos-formales-AeA-inscritos-2016.pdf","link":"https:\/\/ayudaenaccion.org\/?attachment_id=5151","alt":"","author":"2","description":"","caption":"","name":"estatutos-formales-aea-inscritos-2016","status":"inherit","uploaded_to":31799,"date":"2021-10-22 09:16:01","modified":"2024-08-05 06:56:26","menu_order":0,"mime_type":"application\/pdf","type":"application","subtype":"pdf","icon":"https:\/\/ayudaenaccion.org\/core\/wp-includes\/images\/media\/document.png"},"video":"","link":"","buttontext":"","microcopy_text":"","microcopy_icon":null,"microcopy_color":"","icon":{"alt":"transparencia","caption":"","height":96,"src":{"thumbnail":"https:\/\/ayudaenaccion.org\/uploads\/2024\/05\/icono-transparencia-96x.png","small":"https:\/\/ayudaenaccion.org\/uploads\/2024\/05\/icono-transparencia-96x.png","medium":"https:\/\/ayudaenaccion.org\/uploads\/2024\/05\/icono-transparencia-96x.png","large":"https:\/\/ayudaenaccion.org\/uploads\/2024\/05\/icono-transparencia-96x.png","original":"https:\/\/ayudaenaccion.org\/uploads\/2024\/05\/icono-transparencia-96x.png"},"width":96}},{"type":"item_media_serialized","title":"Institutional presentation","text":"<p><span style=\"font-weight: 400;\">In this document we tell you more about who we are and what we focus our efforts on.<\/span><\/p>\n","select":"pdf","image":null,"zip":false,"pdf":{"ID":41496,"id":41496,"title":"Presentacion corporativa - en - 2025_v4 actB","filename":"Presentacion-corporativa-en-2025_v4-actB.pdf","filesize":4151174,"url":"https:\/\/ayudaenaccion.org\/uploads\/2025\/09\/Presentacion-corporativa-en-2025_v4-actB.pdf","link":"https:\/\/ayudaenaccion.org\/en\/institutional-information\/attachment\/presentacion-corporativa-en-2025_v4-actb-2\/","alt":"","author":"3","description":"","caption":"","name":"presentacion-corporativa-en-2025_v4-actb-2","status":"inherit","uploaded_to":32079,"date":"2025-09-19 09:29:41","modified":"2025-09-19 09:36:45","menu_order":0,"mime_type":"application\/pdf","type":"application","subtype":"pdf","icon":"https:\/\/ayudaenaccion.org\/core\/wp-includes\/images\/media\/document.png"},"video":"","link":"","buttontext":"","microcopy_text":"","microcopy_icon":null,"microcopy_color":"","icon":{"alt":"transparencia","caption":"","height":96,"src":{"thumbnail":"https:\/\/ayudaenaccion.org\/uploads\/2024\/05\/icono-transparencia-96x.png","small":"https:\/\/ayudaenaccion.org\/uploads\/2024\/05\/icono-transparencia-96x.png","medium":"https:\/\/ayudaenaccion.org\/uploads\/2024\/05\/icono-transparencia-96x.png","large":"https:\/\/ayudaenaccion.org\/uploads\/2024\/05\/icono-transparencia-96x.png","original":"https:\/\/ayudaenaccion.org\/uploads\/2024\/05\/icono-transparencia-96x.png"},"width":96}},{"type":"item_media_serialized","title":"Institutional brochure","text":"<p>A brief institutional presentation document summarising the fundamentals of who we are.<\/p>\n","select":"pdf","image":null,"zip":false,"pdf":{"ID":41472,"id":41472,"title":"Triptico corporativo 25 - a5 - v3 - EN","filename":"Triptico-corporativo-25-a5-v3-EN.pdf","filesize":4496861,"url":"https:\/\/ayudaenaccion.org\/uploads\/2025\/09\/Triptico-corporativo-25-a5-v3-EN.pdf","link":"https:\/\/ayudaenaccion.org\/en\/institutional-information\/attachment\/triptico-corporativo-25-a5-v3-en-2\/","alt":"","author":"3","description":"","caption":"","name":"triptico-corporativo-25-a5-v3-en-2","status":"inherit","uploaded_to":32079,"date":"2025-09-19 06:55:03","modified":"2025-09-19 07:04:59","menu_order":0,"mime_type":"application\/pdf","type":"application","subtype":"pdf","icon":"https:\/\/ayudaenaccion.org\/core\/wp-includes\/images\/media\/document.png"},"video":"","link":"","buttontext":"","microcopy_text":"","microcopy_icon":null,"microcopy_color":"","icon":{"alt":"transparencia","caption":"","height":96,"src":{"thumbnail":"https:\/\/ayudaenaccion.org\/uploads\/2024\/05\/icono-transparencia-96x.png","small":"https:\/\/ayudaenaccion.org\/uploads\/2024\/05\/icono-transparencia-96x.png","medium":"https:\/\/ayudaenaccion.org\/uploads\/2024\/05\/icono-transparencia-96x.png","large":"https:\/\/ayudaenaccion.org\/uploads\/2024\/05\/icono-transparencia-96x.png","original":"https:\/\/ayudaenaccion.org\/uploads\/2024\/05\/icono-transparencia-96x.png"},"width":96}}]},{"type":"carouselwithtext","id":"","label":"","title":"Education is a priority","subtitle":"<p><span style=\"font-weight: 400;\">In order to design a different future, it is necessary to start with education. We have developed an education strategy for global citizenship that is guided by the 2030 agenda. Our goal is to contribute to closing the gaps that generate inequality and perpetuate situations of poverty and exclusion, especially among children and youth.<\/span><\/p>\n<p>&nbsp;<\/p>\n<p>Only available in spanish.<\/p>\n","text":"","background_color":"bk-white","background_color_saturation":"","text_color":"","content_position":"","car_position_mobile":"","car_position_desktop":"","carousel_title_tag":"","car_extension_desktop":"content--centered","bk_extension":"full-width bk-white","cta":{"type":"cta","values":{"text":"SEE THE STRATEGY","sub1":"","sub2":"","cta_url":"\/uploads\/2021\/09\/2021-08-13-Marketing-Estrategia-de-EpCG-Manuel_v1.pdf","target":"_self","microcopy_text":"","microcopy_icon":null,"microcopy_color":""}},"cta_color":"button--bg-info","values":{"items":[{"type":"slidercard","values":{"image":{"alt":"Ni\u00f1as en escuela","caption":"","height":520,"src":{"thumbnail":"https:\/\/ayudaenaccion.org\/uploads\/2024\/08\/ninas-escuela-150x112.jpg","small":"https:\/\/ayudaenaccion.org\/uploads\/2024\/08\/ninas-escuela-480x359.jpg","medium":"https:\/\/ayudaenaccion.org\/uploads\/2024\/08\/ninas-escuela.jpg","large":"https:\/\/ayudaenaccion.org\/uploads\/2024\/08\/ninas-escuela.jpg","original":"https:\/\/ayudaenaccion.org\/uploads\/2024\/08\/ninas-escuela.jpg"},"width":695},"title":"","text":"","description":"","video":"","cta":{"type":"cta","values":{"text":"","sub1":"","sub2":"","cta_url":"","target":"_self","microcopy_text":"","microcopy_icon":null,"microcopy_color":"gray"}}}}]}}]},"_links":{"self":[{"href":"https:\/\/ayudaenaccion.org\/en\/wp-json\/wp\/v2\/pages\/32079","targetHints":{"allow":["GET"]}}],"collection":[{"href":"https:\/\/ayudaenaccion.org\/en\/wp-json\/wp\/v2\/pages"}],"about":[{"href":"https:\/\/ayudaenaccion.org\/en\/wp-json\/wp\/v2\/types\/page"}],"author":[{"embeddable":true,"href":"https:\/\/ayudaenaccion.org\/en\/wp-json\/wp\/v2\/users\/38"}],"replies":[{"embeddable":true,"href":"https:\/\/ayudaenaccion.org\/en\/wp-json\/wp\/v2\/comments?post=32079"}],"version-history":[{"count":8,"href":"https:\/\/ayudaenaccion.org\/en\/wp-json\/wp\/v2\/pages\/32079\/revisions"}],"predecessor-version":[{"id":41498,"href":"https:\/\/ayudaenaccion.org\/en\/wp-json\/wp\/v2\/pages\/32079\/revisions\/41498"}],"wp:featuredmedia":[{"embeddable":true,"href":"https:\/\/ayudaenaccion.org\/en\/wp-json\/wp\/v2\/media\/31807"}],"wp:attachment":[{"href":"https:\/\/ayudaenaccion.org\/en\/wp-json\/wp\/v2\/media?parent=32079"}],"curies":[{"name":"wp","href":"https:\/\/api.w.org\/{rel}","templated":true}]}}