{"id":32195,"title":"Socioeconomic inclusion","type":"page","template":"default","content":"","excerpt":"","slug":"socioeconomic-inclusion","image":{"alt":"Ni\u00f1o recibiendo educaci\u00f3n para conseguir una inclusi\u00f3n socioecon\u00f3mica","caption":"","height":576,"src":{"thumbnail":"https:\/\/ayudaenaccion.org\/uploads\/2024\/08\/inclusion_socioeconomica_mobile-150x89.jpg","small":"https:\/\/ayudaenaccion.org\/uploads\/2024\/08\/inclusion_socioeconomica_mobile-480x284.jpg","medium":"https:\/\/ayudaenaccion.org\/uploads\/2024\/08\/inclusion_socioeconomica_mobile.jpg","large":"https:\/\/ayudaenaccion.org\/uploads\/2024\/08\/inclusion_socioeconomica_mobile.jpg","original":"https:\/\/ayudaenaccion.org\/uploads\/2024\/08\/inclusion_socioeconomica_mobile.jpg"},"width":973},"date":"2022-06-30 12:34:12","hero":{"slides":[{"title":"Socioeconomic inclusion: an opportunity against poverty","title_link":"","title_target":"_self","label":"","content":"","show_content":"","video_url":"","img_size":"fullWidth","shadow":"1","type_title":"","image_footer_text":"","image":{"alt":"","caption":"","height":557,"src":{"thumbnail":"https:\/\/ayudaenaccion.org\/uploads\/2024\/08\/RS141_1309-0446_alt-150x100.jpg","small":"https:\/\/ayudaenaccion.org\/uploads\/2024\/08\/RS141_1309-0446_alt-480x320.jpg","medium":"https:\/\/ayudaenaccion.org\/uploads\/2024\/08\/RS141_1309-0446_alt.jpg","large":"https:\/\/ayudaenaccion.org\/uploads\/2024\/08\/RS141_1309-0446_alt.jpg","original":"https:\/\/ayudaenaccion.org\/uploads\/2024\/08\/RS141_1309-0446_alt.jpg"},"width":835},"image_mobile":{"alt":"","caption":"","height":557,"src":{"thumbnail":"https:\/\/ayudaenaccion.org\/uploads\/2024\/08\/RS141_1309-0446_alt-150x100.jpg","small":"https:\/\/ayudaenaccion.org\/uploads\/2024\/08\/RS141_1309-0446_alt-480x320.jpg","medium":"https:\/\/ayudaenaccion.org\/uploads\/2024\/08\/RS141_1309-0446_alt.jpg","large":"https:\/\/ayudaenaccion.org\/uploads\/2024\/08\/RS141_1309-0446_alt.jpg","original":"https:\/\/ayudaenaccion.org\/uploads\/2024\/08\/RS141_1309-0446_alt.jpg"},"width":835},"cta":{"text":"","sub1":"","sub2":"","url":"","color":"button--bg-main","target":"_blank","microcopy_text":"","microcopy_icon":null,"microcopy_color":""},"desktop_content_position":"right","mobile_content_position":"","background_color":"--color-main","background_color_saturation":"-faded","text_color":"","hero_title_tag":"1"}]},"flexible_content":{"items":[{"type":"layout_content","values":{"id":"","title":"Thousands of people live in extreme poverty","label":"","text":"<p><span style=\"font-weight: 400;\">Nearly 700 million people live in extreme poverty, a heartbreaking reality that demands an urgent response: socioeconomic inclusion.\u00a0<\/span><\/p>\n<p><span style=\"font-weight: 400;\">More than 258 million children do not have access to school, missing the opportunity to build a future full of possibilities. In addition, thousands of people, especially women, face a lack of decent jobs, preventing them from securing a life full of opportunities.<\/span><\/p>\n<p><span style=\"font-weight: 400;\">Access to quality education and decent work is the key that can change thousands of lives.<\/span><\/p>\n","cta":{"type":"cta","values":{"text":"","sub1":"","sub2":"","cta_url":"","target":"_self","microcopy_text":"","microcopy_icon":null,"microcopy_color":""}},"margins":"","text_position":"","text_color":"","background_color":"bk-white","background_color_saturation":"","cta_color":"button--bg-main","content_title_tag":"","bk_extension":"full-width bk-white"}},{"type":"featureddatagrid","id":"","label":"","title":"The emergency in figures","subtitle":"","breakpoints":"columns_3","background_color":"bk-white","bk_extension":"full-width bk-white","background_color_saturation":"","text_color":"","title_tag":"","cta_label":"","cta_url":"","cta_target":"_self","cta_color":"button--bg-main","cta_microcopy_text":"","cta_microcopy_icon":null,"cta_microcopy_color":"","values":{"items":[{"type":"card","values":{"background_color":"","text_color":"","cta_color_redesign":"button--bg-main","cta":{"type":"cta","values":{"text":"","sub1":"","sub2":"","cta_url":"","target":"_self","microcopy_text":"","microcopy_icon":null,"microcopy_color":""}},"description":"million people live in extreme poverty.","id":"","image":null,"image_alignment":"","image_animated":"","image_description":"","image_position":"","label":"","subtitle":"","text":"","text_position":"","title":"Nearly 700","title_tag":"","title_size":"","video":"","title_animation":"animation-yes","info_link_label":"","info_link_url":"","info_link_target":""}},{"type":"card","values":{"background_color":"","text_color":"","cta_color_redesign":"button--bg-main","cta":{"type":"cta","values":{"text":"","sub1":"","sub2":"","cta_url":"","target":"_self","microcopy_text":"","microcopy_icon":null,"microcopy_color":""}},"description":"children do not have access to education.","id":"","image":null,"image_alignment":"","image_animated":"","image_description":"","image_position":"","label":"","subtitle":"","text":"","text_position":"","title":"258 million ","title_tag":"","title_size":"","video":"","title_animation":"animation-yes","info_link_label":"","info_link_url":"","info_link_target":""}},{"type":"card","values":{"background_color":"","text_color":"","cta_color_redesign":"button--bg-main","cta":{"type":"cta","values":{"text":"","sub1":"","sub2":"","cta_url":"","target":"_self","microcopy_text":"","microcopy_icon":null,"microcopy_color":""}},"description":"young people are unemployed.","id":"","image":null,"image_alignment":"","image_animated":"","image_description":"","image_position":"","label":"","subtitle":"","text":"","text_position":"","title":"73 million","title_tag":"","title_size":"","video":"","title_animation":"animation-yes","info_link_label":"","info_link_url":"","info_link_target":""}}]}},{"type":"carouselwithtext","id":"","label":"","title":"Creating opportunities with socioeconomic inclusion","subtitle":"<p><span style=\"font-weight: 400;\">To fight inequality, all people must have the same opportunities. To achieve this, <\/span><b>we promote socioeconomic inclusion<\/b><span style=\"font-weight: 400;\"> from early childhood through adolescence and youth. How do we do this?<\/span><\/p>\n<p>&nbsp;<\/p>\n<p><span style=\"font-weight: 400;\">We work to <\/span><b>remove barriers that prevent access to education, employment and entrepreneurship<\/b><span style=\"font-weight: 400;\">, empowering people in vulnerable situations and providing them with the necessary tools so that they can participate fully in the development of their communities.<\/span><\/p>\n<p>&nbsp;<\/p>\n<p><span style=\"font-weight: 400;\">In addition, <\/span><b>we promote inclusive market systems<\/b><span style=\"font-weight: 400;\"> that favor an economic dynamic that facilitates the integration of young people into the labor market and entrepreneurship.<\/span><\/p>\n","text":"","background_color":"bk-white","background_color_saturation":"","text_color":"","content_position":"","car_position_mobile":"","car_position_desktop":"","carousel_title_tag":"","car_extension_desktop":"content--centered","bk_extension":"full-width bk-white","cta":{"type":"cta","values":{"text":"","sub1":"","sub2":"","cta_url":"","target":"_self","microcopy_text":"","microcopy_icon":null,"microcopy_color":""}},"cta_color":"button--bg-main","values":{"items":[{"type":"slidercard","values":{"image":{"alt":"Youth people Mozambique","caption":"","height":520,"src":{"thumbnail":"https:\/\/ayudaenaccion.org\/uploads\/2024\/11\/socioeconomic-inclusion-150x112.jpg","small":"https:\/\/ayudaenaccion.org\/uploads\/2024\/11\/socioeconomic-inclusion-480x359.jpg","medium":"https:\/\/ayudaenaccion.org\/uploads\/2024\/11\/socioeconomic-inclusion.jpg","large":"https:\/\/ayudaenaccion.org\/uploads\/2024\/11\/socioeconomic-inclusion.jpg","original":"https:\/\/ayudaenaccion.org\/uploads\/2024\/11\/socioeconomic-inclusion.jpg"},"width":695},"title":"","text":"","description":"","video":"","cta":{"type":"cta","values":{"text":"","sub1":"","sub2":"","cta_url":"","target":"_self","microcopy_text":"","microcopy_icon":null,"microcopy_color":"gray"}}}}]}},{"type":"dropdowngrid","id":"","title":"The work of Ayuda en Acci\u00f3n","label":"","description":"","breakpoints":"","background_color":"bk-white","background_color_saturation":"","text_color":"","title_tag":"","cta_label":"","cta_url":"","cta_color":"button--bg-main","cta_target":"_self","cta_microcopy_text":"","cta_microcopy_icon":null,"cta_microcopy_color":"","values":{"items":[{"type":"card","values":{"background_color":"transparent","text_color":"","cta_color_redesign":"","cta":[],"description":"","id":"","image":{"alt":"","caption":"","height":222,"src":{"thumbnail":"https:\/\/ayudaenaccion.org\/uploads\/2024\/08\/profesora-150x47.jpg","small":"https:\/\/ayudaenaccion.org\/uploads\/2024\/08\/profesora-480x151.jpg","medium":"https:\/\/ayudaenaccion.org\/uploads\/2024\/08\/profesora.jpg","large":"https:\/\/ayudaenaccion.org\/uploads\/2024\/08\/profesora.jpg","original":"https:\/\/ayudaenaccion.org\/uploads\/2024\/08\/profesora.jpg"},"width":704},"image_alignment":"","image_animated":"","image_description":"","image_position":"","label":"","subtitle":"","text":"","text_position":"","title":"We ensure access to inclusive and quality education.","title_tag":"","title_size":"","video":"","title_animation":"","info_link_label":"","info_link_url":"","info_link_target":"_self"}},{"type":"card","values":{"background_color":"transparent","text_color":"","cta_color_redesign":"","cta":[],"description":"","id":"","image":{"alt":"","caption":"","height":222,"src":{"thumbnail":"https:\/\/ayudaenaccion.org\/uploads\/2024\/08\/empleo-150x47.jpg","small":"https:\/\/ayudaenaccion.org\/uploads\/2024\/08\/empleo-480x151.jpg","medium":"https:\/\/ayudaenaccion.org\/uploads\/2024\/08\/empleo.jpg","large":"https:\/\/ayudaenaccion.org\/uploads\/2024\/08\/empleo.jpg","original":"https:\/\/ayudaenaccion.org\/uploads\/2024\/08\/empleo.jpg"},"width":704},"image_alignment":"","image_animated":"","image_description":"","image_position":"","label":"","subtitle":"","text":"","text_position":"","title":"We promote access to employment in order to create equal opportunities.","title_tag":"","title_size":"","video":"","title_animation":"","info_link_label":"","info_link_url":"","info_link_target":"_self"}},{"type":"card","values":{"background_color":"transparent","text_color":"","cta_color_redesign":"","cta":[],"description":"","id":"","image":{"alt":"","caption":"","height":222,"src":{"thumbnail":"https:\/\/ayudaenaccion.org\/uploads\/2024\/08\/ordenador-150x47.jpg","small":"https:\/\/ayudaenaccion.org\/uploads\/2024\/08\/ordenador-480x151.jpg","medium":"https:\/\/ayudaenaccion.org\/uploads\/2024\/08\/ordenador.jpg","large":"https:\/\/ayudaenaccion.org\/uploads\/2024\/08\/ordenador.jpg","original":"https:\/\/ayudaenaccion.org\/uploads\/2024\/08\/ordenador.jpg"},"width":704},"image_alignment":"","image_animated":"","image_description":"","image_position":"","label":"","subtitle":"","text":"","text_position":"","title":"We provide the materials and technology necessary for quality education.","title_tag":"","title_size":"","video":"","title_animation":"","info_link_label":"","info_link_url":"","info_link_target":"_self"}},{"type":"card","values":{"background_color":"transparent","text_color":"","cta_color_redesign":"","cta":[],"description":"","id":"","image":{"alt":"","caption":"","height":222,"src":{"thumbnail":"https:\/\/ayudaenaccion.org\/uploads\/2024\/08\/personas-150x47.jpg","small":"https:\/\/ayudaenaccion.org\/uploads\/2024\/08\/personas-480x151.jpg","medium":"https:\/\/ayudaenaccion.org\/uploads\/2024\/08\/personas.jpg","large":"https:\/\/ayudaenaccion.org\/uploads\/2024\/08\/personas.jpg","original":"https:\/\/ayudaenaccion.org\/uploads\/2024\/08\/personas.jpg"},"width":704},"image_alignment":"","image_animated":"","image_description":"","image_position":"","label":"","subtitle":"","text":"","text_position":"","title":"We promote inclusive markets that favor labor integration.","title_tag":"","title_size":"","video":"","title_animation":"","info_link_label":"","info_link_url":"","info_link_target":"_self"}}]}},{"type":"testimonial_post_list","id":"","values":{"title":"Testimonials","subtitle":"","label":"","cta_text":"","cta_url":"","cta_color":"button--bg-main","cta_microcopy_text":"","cta_microcopy_icon":null,"cta_microcopy_color":"","link_type":"","testimonialf_title_tag":"","breakpoints":"featured","background_color":"bk-gray","background_color_saturation":"","t_background_color":"","text_color":"","signature_color":"","items":[{"slug":"https:\/\/ayudaenaccion.org\/en\/testimonial\/eiren-beneficiary\/","title":"Eiren, beneficiary","content":"<span style=\"font-weight: 400;\">\u201cWhat I like most about having new school supplies is that I can go to school every day to study. My dream is to be a pilot and to be able to help my family\u201d.<\/span>","signature":"Eiren, beneficiary","image":{"alt":"Eiren, beneficiario de Ayuda en Acci\u00f3n en los proyectos de Honduras de educaci\u00f3n","caption":"","height":200,"src":{"thumbnail":"https:\/\/ayudaenaccion.org\/uploads\/2024\/06\/eiren_testimonio-150x150.jpg","small":"https:\/\/ayudaenaccion.org\/uploads\/2024\/06\/eiren_testimonio.jpg","medium":"https:\/\/ayudaenaccion.org\/uploads\/2024\/06\/eiren_testimonio.jpg","large":"https:\/\/ayudaenaccion.org\/uploads\/2024\/06\/eiren_testimonio.jpg","original":"https:\/\/ayudaenaccion.org\/uploads\/2024\/06\/eiren_testimonio.jpg"},"width":200},"image_mobile":{"alt":"Eiren, beneficiario de Ayuda en Acci\u00f3n en los proyectos de Honduras de educaci\u00f3n","caption":"","height":200,"src":{"thumbnail":"https:\/\/ayudaenaccion.org\/uploads\/2024\/06\/eiren_testimonio-150x150.jpg","small":"https:\/\/ayudaenaccion.org\/uploads\/2024\/06\/eiren_testimonio.jpg","medium":"https:\/\/ayudaenaccion.org\/uploads\/2024\/06\/eiren_testimonio.jpg","large":"https:\/\/ayudaenaccion.org\/uploads\/2024\/06\/eiren_testimonio.jpg","original":"https:\/\/ayudaenaccion.org\/uploads\/2024\/06\/eiren_testimonio.jpg"},"width":200},"video":""},{"slug":"https:\/\/ayudaenaccion.org\/en\/testimonial\/crisitina-teacher-in-bolivia\/","title":"Cristina, teacher in Bolivia","content":"<span style=\"font-weight: 400;\">\u201cMany families cannot afford to buy the supplies students need. Many students walk three hours every day. They leave in the afternoon and come back in the morning\u201d.<\/span>","signature":"Cristina, teacher in Bolivia","image":{"alt":"Cristina, docente en Bolivia","caption":"","height":500,"src":{"thumbnail":"https:\/\/ayudaenaccion.org\/uploads\/2022\/06\/s-pro-cristina-150x150.jpg","small":"https:\/\/ayudaenaccion.org\/uploads\/2022\/06\/s-pro-cristina-480x480.jpg","medium":"https:\/\/ayudaenaccion.org\/uploads\/2022\/06\/s-pro-cristina.jpg","large":"https:\/\/ayudaenaccion.org\/uploads\/2022\/06\/s-pro-cristina.jpg","original":"https:\/\/ayudaenaccion.org\/uploads\/2022\/06\/s-pro-cristina.jpg"},"width":500},"image_mobile":{"alt":"Cristina, docente en Bolivia","caption":"","height":500,"src":{"thumbnail":"https:\/\/ayudaenaccion.org\/uploads\/2022\/06\/s-pro-cristina-150x150.jpg","small":"https:\/\/ayudaenaccion.org\/uploads\/2022\/06\/s-pro-cristina-480x480.jpg","medium":"https:\/\/ayudaenaccion.org\/uploads\/2022\/06\/s-pro-cristina.jpg","large":"https:\/\/ayudaenaccion.org\/uploads\/2022\/06\/s-pro-cristina.jpg","original":"https:\/\/ayudaenaccion.org\/uploads\/2022\/06\/s-pro-cristina.jpg"},"width":500},"video":""},{"slug":"https:\/\/ayudaenaccion.org\/en\/testimonial\/erika-beneficiary-in-nicaragua\/","title":"Erika, beneficiary in Nicaragua","content":"<span style=\"font-weight: 400;\">\u201cI didn't have the opportunity to study. I couldn't afford it. We grew up knowing that the only ones who could work were men\u201d.<\/span>","signature":"Erika, beneficiary in Nicaragua","image":{"alt":"Erika, beneficiaria de Nicaragua","caption":"","height":500,"src":{"thumbnail":"https:\/\/ayudaenaccion.org\/uploads\/2024\/02\/testimonio_Erika-150x150.jpg","small":"https:\/\/ayudaenaccion.org\/uploads\/2024\/02\/testimonio_Erika-480x480.jpg","medium":"https:\/\/ayudaenaccion.org\/uploads\/2024\/02\/testimonio_Erika.jpg","large":"https:\/\/ayudaenaccion.org\/uploads\/2024\/02\/testimonio_Erika.jpg","original":"https:\/\/ayudaenaccion.org\/uploads\/2024\/02\/testimonio_Erika.jpg"},"width":500},"image_mobile":{"alt":"Erika, beneficiaria de Nicaragua","caption":"","height":500,"src":{"thumbnail":"https:\/\/ayudaenaccion.org\/uploads\/2024\/02\/testimonio_Erika-150x150.jpg","small":"https:\/\/ayudaenaccion.org\/uploads\/2024\/02\/testimonio_Erika-480x480.jpg","medium":"https:\/\/ayudaenaccion.org\/uploads\/2024\/02\/testimonio_Erika.jpg","large":"https:\/\/ayudaenaccion.org\/uploads\/2024\/02\/testimonio_Erika.jpg","original":"https:\/\/ayudaenaccion.org\/uploads\/2024\/02\/testimonio_Erika.jpg"},"width":500},"video":""}]}},{"type":"layout_content","values":{"id":"","title":"With you we can ensure that thousands of children have a quality education","label":"","text":"","cta":{"type":"cta","values":{"text":"","sub1":"","sub2":"","cta_url":"","target":"_self","microcopy_text":"","microcopy_icon":null,"microcopy_color":""}},"margins":"","text_position":"","text_color":"","background_color":"bk-white","background_color_saturation":"","cta_color":"button--bg-main","content_title_tag":"","bk_extension":"full-width bk-white"}}]},"_links":{"self":[{"href":"https:\/\/ayudaenaccion.org\/en\/wp-json\/wp\/v2\/pages\/32195","targetHints":{"allow":["GET"]}}],"collection":[{"href":"https:\/\/ayudaenaccion.org\/en\/wp-json\/wp\/v2\/pages"}],"about":[{"href":"https:\/\/ayudaenaccion.org\/en\/wp-json\/wp\/v2\/types\/page"}],"author":[{"embeddable":true,"href":"https:\/\/ayudaenaccion.org\/en\/wp-json\/wp\/v2\/users\/1"}],"replies":[{"embeddable":true,"href":"https:\/\/ayudaenaccion.org\/en\/wp-json\/wp\/v2\/comments?post=32195"}],"version-history":[{"count":5,"href":"https:\/\/ayudaenaccion.org\/en\/wp-json\/wp\/v2\/pages\/32195\/revisions"}],"predecessor-version":[{"id":34523,"href":"https:\/\/ayudaenaccion.org\/en\/wp-json\/wp\/v2\/pages\/32195\/revisions\/34523"}],"wp:featuredmedia":[{"embeddable":true,"href":"https:\/\/ayudaenaccion.org\/en\/wp-json\/wp\/v2\/media\/32466"}],"wp:attachment":[{"href":"https:\/\/ayudaenaccion.org\/en\/wp-json\/wp\/v2\/media?parent=32195"}],"curies":[{"name":"wp","href":"https:\/\/api.w.org\/{rel}","templated":true}]}}