{"id":32301,"title":"Privacy policy","type":"page","template":"default","content":"","excerpt":"","slug":"privacy-policy","image":null,"date":"2021-09-23 07:36:48","hero":{"slides":[]},"flexible_content":{"items":[{"type":"layout_content","values":{"id":"","title":"Privacy Policy","label":"","text":"","cta":{"type":"cta","values":{"text":"","sub1":"","sub2":"","cta_url":"","target":"_self","microcopy_text":"","microcopy_icon":null,"microcopy_color":""}},"margins":"","text_position":"","text_color":"","background_color":"bk-white","background_color_saturation":"","cta_color":"button--bg-main","content_title_tag":"","bk_extension":"full-width bk-white"}},{"type":"layout_html","values":{"id":"","text":"<div class=\"container_policy\">\n<p>&nbsp;<\/p>\n<p><span style=\"font-weight: 400;\">This privacy policy (hereinafter, the \u201c<\/span><b>Privacy Policy<\/b><span style=\"font-weight: 400;\">\u201d) applies to all personal data you provide to Fundaci\u00f3n AYUDA EN ACCI\u00d3N, located at calle Serrano Anguita 13, Impact Hub Barcel\u00f3 28004, Madrid (hereinafter \u201c<\/span><b>Ayuda en Acci\u00f3n<\/b><span style=\"font-weight: 400;\">\u201d). Personal data is understood to be information about a natural person that allows his or her identification, directly or indirectly. We process your personal data, based on the current relationship you have with us, and which may have been provided through different means, such as, among others, a web form, participation in one of our campaigns and the request to receive e-mail updates about our activities. In this policy we explain how Ayuda en Acci\u00f3n protects and ensures the security of your personal data, using appropriate and adequate technical and organizational security measures.<\/span><\/p>\n<p>&nbsp;<\/p>\n<p><span style=\"font-weight: 400;\">I- <\/span><b>DATA CONTROLLER<\/b><\/p>\n<p><span style=\"font-weight: 400;\">Ayuda en Acci\u00f3n, as <\/span><b>data controller<\/b><span style=\"font-weight: 400;\">, is concerned about compliance with the legal obligations regarding the protection of personal data, in particular, complying with our information obligations. In addition, we are at your disposal for any questions or concerns that may arise in this regard. At any time, you may contact us either by e-mail at lopd@ayudaenaccion.org or by post by sending a letter to the Personal Data Manager of Ayuda en Acci\u00f3n at Calle Serrano Anguita 13, Impact Hub Barcel\u00f3 28004 Madrid, with any questions or concerns you may have regarding the protection of personal data.<\/span><\/p>\n<p>&nbsp;<\/p>\n<p><span style=\"font-weight: 400;\">II- <\/span><b>PURPOSES OF PROCESSING AND LEGITIMATION<\/b><\/p>\n<p><span style=\"font-weight: 400;\">For the purposes of the provisions of Regulation 2016\/679 of the European Parliament and of the Council of 27 April 2016 on the protection of natural persons with regard to the processing of personal data and on the free movement of such data and repealing Directive 95\/46\/EC (<\/span><b>&#8216;GDPR&#8217;<\/b><span style=\"font-weight: 400;\">), we inform you that Ayuda en Acci\u00f3n will process the personal data you have provided us with for the following purposes and under the legal basis detailed below:<\/span><\/p>\n<p>&nbsp;<\/p>\n<table dir=\"ltr\" border=\"1\" cellspacing=\"0\" cellpadding=\"0\" data-sheets-root=\"1\" data-sheets-baot=\"1\">\n<colgroup>\n<col width=\"262\" \/>\n<col width=\"520\" \/>\n<col width=\"662\" \/><\/colgroup>\n<tbody>\n<tr>\n<td>If you are a\u2026<\/td>\n<td>Purpose for processing your personal data<\/td>\n<td>Legal basis for processing your personal data<\/td>\n<\/tr>\n<tr>\n<td>Candidate (job seeker)<\/td>\n<td>Manage the selection process to which you have applied and thus be able to evaluate your application, as well as for future selection processes.<\/td>\n<td>Fulfill the contractual obligations arising from the existing relationship, except for Peru, in which case your consent is required for the processing of your personal data.<\/td>\n<\/tr>\n<tr>\n<td>Counterpart<\/td>\n<td>Ensure knowledge of the counterpart with which Ayuda en Acci\u00f3n collaborates, since it will be the one that will help us implement our intervention in the territory.<\/td>\n<td>Fulfill our legal obligations.<\/td>\n<\/tr>\n<tr>\n<td>Recipient of our intervention (beneficiary of legal age)<\/td>\n<td>Identify the recipients of our intervention in order to adapt it to the needs and context in which we work, as well as to carry out awareness-raising actions and be accountable to our stakeholders for training purposes and\/or to promote our activity.<\/td>\n<td>Fulfill the contractual obligations arising from the existing relationship.<br \/>\nYour consent to the processing of your personal data, in the following exceptional cases: i) when witness statements are made that include sensitive data, and\/or ii) when personal data of beneficiaries of our Social Action program in Spain are transmitted to collaborators, financial and\/or media agencies based outside Spain and\/or the European Union and that do not offer an appropriate level of protection in terms of privacy and protection of personal data.<\/td>\n<\/tr>\n<tr>\n<td>Recipient of our intervention (minor beneficiary)<\/td>\n<td>Same as above. In the case of sponsored children, it would also be to manage and administer their linkage to the Ayuda en Acci\u00f3n&#8217;s Solidarity Bond program.<\/td>\n<td>Fulfill the contractual obligations arising from the existing relationship.<br \/>\nYour consent to the processing of your personal data, given by your parent\/legal tutor, in the case of sponsored children.<\/td>\n<\/tr>\n<tr>\n<td>Ambassadors (influencers)<\/td>\n<td>Manage and administer Ayuda en Acci\u00f3n&#8217;s ambassadors, i.e., travel management and collaboration.<br \/>\nRaise awareness and report on Ayuda en Acci\u00f3n&#8217;s activities.<\/td>\n<td>Fulfill the contractual obligations arising from the existing relationship.<\/td>\n<\/tr>\n<tr>\n<td>Employee<\/td>\n<td>Manage and administer Ayuda en Acci\u00f3n&#8217;s human resources, i.e. payment of salaries and social benefits, medical and\/or accident insurance coverage, vacation and absence management, recruitment and internal promotion, among others.<br \/>\nCertify your status as an employee in terms of suitability and reputation.<br \/>\nRaise awareness and report on Ayuda en Acci\u00f3n&#8217;s activities.<\/td>\n<td>Fulfill the contractual obligations arising from the existing relationship, as well as those related to social security and social protection, labor and legal matters, and provide the necessary measures for preventive or occupational medicine and evaluation of the working capacity of our employees.<\/td>\n<\/tr>\n<tr>\n<td>Collaborating company<\/td>\n<td>Report on your collaboration<\/td>\n<td>Fulfill the contractual obligations arising from the existing relationship.<\/td>\n<\/tr>\n<tr>\n<td>Anyone interested in supporting us (supporter)<\/td>\n<td>Share institutional information with you, including via e-mail, to keep you updated on our activities.<\/td>\n<td>Your consent to the processing of your personal data.<\/td>\n<\/tr>\n<tr>\n<td>Anyone interested in supporting us (volunteer)<\/td>\n<td>Promote Ayuda en Acci\u00f3n&#8217;s volunteer programs.<\/td>\n<td>Your consent to the processing of your personal data.<\/td>\n<\/tr>\n<tr>\n<td>Anyone interested in attending Foundation events or activities<\/td>\n<td>Manage your participation in the event or activity.<\/td>\n<td>Fulfill the contractual obligations arising from the existing relationship.<\/td>\n<\/tr>\n<tr>\n<td>Reporting party and\/or concerned party (report)<\/td>\n<td>Manage the reports filed through the whistleblowing channel.<\/td>\n<td>Fulfill our legal obligations.<\/td>\n<\/tr>\n<tr>\n<td>Informant (query, suggestion and complaint)<\/td>\n<td>Manage queries, suggestions and complaints received through the communication channels provided.<\/td>\n<td>Fulfill our legal obligations.<\/td>\n<\/tr>\n<tr>\n<td>Member of the Board of Trustees or Advisory Council<\/td>\n<td>Manage their appointment as a member of the body to which they belong, as well as facilitate the proper performance of it.<br \/>\nCertify their status as a member of the Board of Trustees or Advisory Council in terms of suitability and reputation.<br \/>\nPublish their career path on the Web.<br \/>\nRaise awareness and report on the Ayuda en Acci\u00f3n&#8217;s activities.<\/td>\n<td>Fulfill the contractual obligations arising from the existing relationship, as well as fulfill our legal obligations.<\/td>\n<\/tr>\n<tr>\n<td>Supplier<\/td>\n<td>Manage and administer Ayuda en Acci\u00f3n&#8217;s supplier management, i.e. payment of invoices.<\/td>\n<td>Fulfill the contractual obligations arising from the existing relationship.<\/td>\n<\/tr>\n<tr>\n<td>Supporter<\/td>\n<td>Manage your relationship as a partner, i.e., process your donations, send tax certifications, know your satisfaction level, increase your commitment through increased donations or participation in specific actions, among others.<br \/>\nShare institutional information with you, including via e-mail, to keep you informed about our activities.<br \/>\nInform about the work of our partners, as well as raise awareness and report on the Ayuda en Acci\u00f3n&#8217;s activities.<\/td>\n<td>Fulfill the contractual obligations arising from the existing relationship.<\/td>\n<\/tr>\n<tr>\n<td>Third party registering a new supporter<\/td>\n<td>Manage incidences that may arise regarding the supporter&#8217;s relationship.<\/td>\n<td>Your consent to the processing of your personal data.<\/td>\n<\/tr>\n<tr>\n<td>Volunteer<\/td>\n<td>Manage and administer Ayuda en Acci\u00f3n volunteers.<br \/>\nCertify their status as a volunteer in terms of suitability and reputation.<br \/>\nInform about the work of volunteers, as well as raise awareness and report on the Ayuda en Acci\u00f3n&#8217;s activities.<\/td>\n<td>Fulfill the contractual obligations arising from the existing relationship, as well as fulfill the obligations related to the social security and social protection.<\/td>\n<\/tr>\n<\/tbody>\n<\/table>\n<p>&nbsp;<\/p>\n<p><span style=\"font-weight: 400;\">In some cases, we will process personal data in relation to your image, for which your consent will be sought when deemed necessary and the processing is not covered by any of the above purposes and legal bases.\u00a0<\/span><\/p>\n<p><span style=\"font-weight: 400;\">Ayuda en Acci\u00f3n informs you that if you are a user of our website we may create an automated file with the personal data you provide us with, which could be used for the purpose of statistics, incident management or market research, among other activities. Such processing will be based on the legitimate interests of Ayuda en Acci\u00f3n. Failure to provide certain personal data will prevent us from providing all the services for which such data is necessary.<\/span><\/p>\n<p>&nbsp;<\/p>\n<p><span style=\"font-weight: 400;\">III- <\/span><b>DATA RETENTION PERIOD<\/b><\/p>\n<p><span style=\"font-weight: 400;\">We will retain your personal data for the time necessary to fulfill the purposes described above in accordance with the legal bases that enable the processing. Without prejudice to the foregoing, the retention will also be carried out for the period necessary for the filing, exercise or defense of potential claims and\/or as long as permitted by applicable law. In the latter case, your personal data will only be processed for the purpose of proving compliance with legal or contractual obligations to which we are subject.<\/span><\/p>\n<p>&nbsp;<\/p>\n<p><span style=\"font-weight: 400;\">IV- <\/span><b>DATA RECIPIENTS<\/b><\/p>\n<p><span style=\"font-weight: 400;\">In no case will we communicate, exploit your personal data or use them for any purpose other than the one detailed above. It is worth mentioning that the data may be communicated to employees and collaborators of the Fundaci\u00f3n AYUDA EN ACCI\u00d3N who need to know information about you in order to carry out tasks related to the purposes indicated above.\u00a0<\/span><\/p>\n<p><span style=\"font-weight: 400;\">To this end, we inform you that your personal data may be transferred to other offices of the Fundaci\u00f3n AYUDA EN ACCI\u00d3N, which will apply the same technical and organizational security measures to ensure the proper processing of your personal data. In the event that you wish to sponsor children residing in Mexico, we inform you that your data will be communicated to manage your sponsorship to the organization Ayuda en Acci\u00f3n de M\u00e9xico Asociaci\u00f3n Civil, which has sufficient security.\u00a0<\/span><\/p>\n<p><span style=\"font-weight: 400;\">Some organizations that collaborate with Ayuda en Acci\u00f3n, such as media agencies, travel agencies, or financial institutions, among others, may have access to your data as data processors, so that we can carry out our work. Sometimes this third party may be located in countries outside the European Economic Area that do not offer an appropriate level of security according to the GDPR. In these cases, we sign a written contract between both parties that includes standard contractual clauses according to standards approved by the European Commission for the transfer of personal information outside the European Economic Area. In any case, the transfer, retention and management of your personal information by us will continue to be governed by this Privacy Policy.\u00a0<\/span><\/p>\n<p><span style=\"font-weight: 400;\">We also inform you that the data related to your contribution will be communicated to the Tax Agency in order to process your tax benefits, as well as to those other control authorities that request your data as long as all the legally established precepts are respected.<\/span><\/p>\n<p>&nbsp;<\/p>\n<p><span style=\"font-weight: 400;\">V- <\/span><b>YOUR RIGHTS<\/b><\/p>\n<p><span style=\"font-weight: 400;\">Ayuda en Acci\u00f3n informs you about the possibility of exercising your rights of <\/span><b>access, rectification, deletion, portability and limitation of the processing<\/b><span style=\"font-weight: 400;\"> of the personal data we have collected.\u00a0<\/span><\/p>\n<p><span style=\"font-weight: 400;\">Additionally, you have the right <\/span><b>to object<\/b><span style=\"font-weight: 400;\"> to the processing of your personal data in the cases set out in the applicable data protection regulations.\u00a0<\/span><\/p>\n<p><span style=\"font-weight: 400;\">These rights may be exercised, by yourself or by anyone representing you, by means of a written and signed request addressed to the Personal Data Controller of Ayuda en Acci\u00f3n, through:\u00a0<\/span><\/p>\n<ul>\n<li style=\"font-weight: 400;\" aria-level=\"1\"><span style=\"font-weight: 400;\">E-mail: lopd@ayudaenaccion.org\u00a0<\/span><\/li>\n<li style=\"font-weight: 400;\" aria-level=\"1\"><span style=\"font-weight: 400;\">Postal address: Calle Serrano Anguita 13, Impact Hub Barcel\u00f3 28004, Madrid.\u00a0<\/span><\/li>\n<\/ul>\n<p><span style=\"font-weight: 400;\">This request must contain the following information: your name and surname(s), address for notification purposes, photocopy of your National Identity Card or Passport, and the specific request. In the case of representation, you must prove it by means of a certified document. To send this request you can use the forms provided by the <\/span><span style=\"font-weight: 400;\">Spanish Data Protection Agency<\/span><span style=\"font-weight: 400;\">, which can be signed electronically.\u00a0<\/span><\/p>\n<p><span style=\"font-weight: 400;\">In addition to the above rights, if it is the legal basis for the processing of your personal data, you also have the right <\/span><b>to withdraw the consent given<\/b><span style=\"font-weight: 400;\"> at any time through the procedure described above, without such withdrawal of consent affecting the lawfulness of the processing prior to the withdrawal of consent, and without in any case condition the processing of personal data carried out under any other legal basis. Ayuda en Acci\u00f3n may continue to process your personal data to the extent permitted by applicable law. In general, we respond to requests within one month, although depending on the complexity and number of requests, the deadline may be extended for a further two months, in which case we will notify you.\u00a0<\/span><\/p>\n<p><span style=\"font-weight: 400;\">Finally, we remind you that you have the right <\/span><b>to file a complaint with the relevant regulatory authority<\/b><span style=\"font-weight: 400;\">.<\/span><\/p>\n<p>&nbsp;<\/p>\n<p><span style=\"font-weight: 400;\">VI- <\/span><b>MODIFICATIONS TO THE PRIVACY POLICY<\/b><\/p>\n<p><span style=\"font-weight: 400;\">Ayuda en Acci\u00f3n reserves the right to modify its Privacy Policy in accordance with the applicable legislation at all times. In any case, you may consult any modification of the Privacy Policy on our Web page.<\/span><\/p>\n<p>&nbsp;<\/p>\n<\/div>\n","title":"","subtitle":"","label":"","cta_label":"","cta_url":"","cta_target":"","cta_color":"button--bg-main","margins":"","justify_content":"","text_color":"","background_color":"bk-white","background_color_saturation":""}}]},"_links":{"self":[{"href":"https:\/\/ayudaenaccion.org\/en\/wp-json\/wp\/v2\/pages\/32301","targetHints":{"allow":["GET"]}}],"collection":[{"href":"https:\/\/ayudaenaccion.org\/en\/wp-json\/wp\/v2\/pages"}],"about":[{"href":"https:\/\/ayudaenaccion.org\/en\/wp-json\/wp\/v2\/types\/page"}],"author":[{"embeddable":true,"href":"https:\/\/ayudaenaccion.org\/en\/wp-json\/wp\/v2\/users\/1"}],"replies":[{"embeddable":true,"href":"https:\/\/ayudaenaccion.org\/en\/wp-json\/wp\/v2\/comments?post=32301"}],"version-history":[{"count":4,"href":"https:\/\/ayudaenaccion.org\/en\/wp-json\/wp\/v2\/pages\/32301\/revisions"}],"predecessor-version":[{"id":32337,"href":"https:\/\/ayudaenaccion.org\/en\/wp-json\/wp\/v2\/pages\/32301\/revisions\/32337"}],"wp:attachment":[{"href":"https:\/\/ayudaenaccion.org\/en\/wp-json\/wp\/v2\/media?parent=32301"}],"curies":[{"name":"wp","href":"https:\/\/api.w.org\/{rel}","templated":true}]}}