{"id":32567,"title":"Careers: Join our team","type":"page","template":"default","content":"","excerpt":"","slug":"join-us","image":{"alt":"","caption":"Roc\u00edo Wila, t\u00e9cnica de AYuda en Acci\u00f3n","height":558,"src":{"thumbnail":"https:\/\/ayudaenaccion.org\/uploads\/2024\/08\/RS33293_AeA-Esmeraldas-72_alt-150x100.jpg","small":"https:\/\/ayudaenaccion.org\/uploads\/2024\/08\/RS33293_AeA-Esmeraldas-72_alt-480x321.jpg","medium":"https:\/\/ayudaenaccion.org\/uploads\/2024\/08\/RS33293_AeA-Esmeraldas-72_alt.jpg","large":"https:\/\/ayudaenaccion.org\/uploads\/2024\/08\/RS33293_AeA-Esmeraldas-72_alt.jpg","original":"https:\/\/ayudaenaccion.org\/uploads\/2024\/08\/RS33293_AeA-Esmeraldas-72_alt.jpg"},"width":835},"date":"2021-06-17 09:30:32","hero":{"slides":[{"title":"Careers: Work at Ayuda en Acci\u00f3n","title_link":"","title_target":"_self","label":"","content":"","show_content":"","video_url":"https:\/\/youtu.be\/IDhnBM9-_70","img_size":"fullWidth","shadow":"1","type_title":"","image_footer_text":"","image":{"alt":"Mujer de Ayuda en Acci\u00f3n sosteniendo a un ni\u00f1o en un proyecto solidario","caption":"","height":774,"src":{"thumbnail":"https:\/\/ayudaenaccion.org\/uploads\/2024\/07\/hero-1-150x60.jpg","small":"https:\/\/ayudaenaccion.org\/uploads\/2024\/07\/hero-1-480x194.jpg","medium":"https:\/\/ayudaenaccion.org\/uploads\/2024\/07\/hero-1-1024x413.jpg","large":"https:\/\/ayudaenaccion.org\/uploads\/2024\/07\/hero-1.jpg","original":"https:\/\/ayudaenaccion.org\/uploads\/2024\/07\/hero-1.jpg"},"width":1920},"image_mobile":{"alt":"Mujer de Ayuda en Acci\u00f3n sosteniendo a un ni\u00f1o en un proyecto solidario","caption":"","height":576,"src":{"thumbnail":"https:\/\/ayudaenaccion.org\/uploads\/2024\/07\/hero-mobile-1-150x89.jpg","small":"https:\/\/ayudaenaccion.org\/uploads\/2024\/07\/hero-mobile-1-480x284.jpg","medium":"https:\/\/ayudaenaccion.org\/uploads\/2024\/07\/hero-mobile-1.jpg","large":"https:\/\/ayudaenaccion.org\/uploads\/2024\/07\/hero-mobile-1.jpg","original":"https:\/\/ayudaenaccion.org\/uploads\/2024\/07\/hero-mobile-1.jpg"},"width":973},"cta":{"text":"Send CV","sub1":"","sub2":"","url":"https:\/\/empleoayudaenaccion.talentclue.com\/en\/node\/add\/cv\/job\/37572920\/company\/37067300\/4590","color":"button--bg-main","target":"_blank","microcopy_text":"","microcopy_icon":null,"microcopy_color":""},"desktop_content_position":"right","mobile_content_position":"","background_color":"--color-main","background_color_saturation":"-fade","text_color":"","hero_title_tag":"1"}]},"flexible_content":{"items":[{"type":"layout_content","values":{"id":"","title":"Join the Ayuda en Acci\u00f3n team","label":"","text":"<p><span style=\"font-weight: 400;\">Ayuda en Acci\u00f3n is an organization made up of a great team that works at an international level to create opportunities for growth and development for the people who need it most. How? By accompanying them from childhood and youth, defining common goals, betting on their talents and skills.<\/span><\/p>\n<p style=\"text-align: center;\"><b>Will you join the team?<\/b><\/p>\n","cta":{"type":"cta","values":{"text":"","sub1":"","sub2":"","cta_url":"","target":"_self","microcopy_text":"","microcopy_icon":null,"microcopy_color":""}},"margins":"","text_position":"","text_color":"","background_color":"bk-white","background_color_saturation":"","cta_color":"button--bg-main","content_title_tag":"","bk_extension":"full-width bk-white"}},{"type":"dropdowngrid","id":"","title":"The values of Ayuda en Acci\u00f3n","label":"","description":"","breakpoints":"","background_color":"bk-gray","background_color_saturation":"","text_color":"","title_tag":"","cta_label":"","cta_url":"","cta_color":"button--bg-main","cta_target":"_self","cta_microcopy_text":"","cta_microcopy_icon":null,"cta_microcopy_color":"","values":{"items":[{"type":"card","values":{"background_color":"transparent","text_color":"","cta_color_redesign":"","cta":[],"description":"","id":"","image":{"alt":"Icono de igualdad","caption":"","height":222,"src":{"thumbnail":"https:\/\/ayudaenaccion.org\/uploads\/2024\/08\/igualdad_icono-150x47.png","small":"https:\/\/ayudaenaccion.org\/uploads\/2024\/08\/igualdad_icono-480x151.png","medium":"https:\/\/ayudaenaccion.org\/uploads\/2024\/08\/igualdad_icono.png","large":"https:\/\/ayudaenaccion.org\/uploads\/2024\/08\/igualdad_icono.png","original":"https:\/\/ayudaenaccion.org\/uploads\/2024\/08\/igualdad_icono.png"},"width":704},"image_alignment":"","image_animated":"","image_description":"","image_position":"","label":"","subtitle":"","text":"<p><span style=\"font-weight: 400;\">We promote equality and non-discrimination in all our teams, creating an inclusive environment where each person is valued and respected.<\/span><\/p>\n","text_position":"","title":"Equal opportunities","title_tag":"","title_size":"","video":"","title_animation":"","info_link_label":"","info_link_url":"","info_link_target":"_self"}},{"type":"card","values":{"background_color":"transparent","text_color":"","cta_color_redesign":"","cta":[],"description":"","id":"","image":{"alt":"Icono diana","caption":"","height":222,"src":{"thumbnail":"https:\/\/ayudaenaccion.org\/uploads\/2024\/08\/icono_diana-150x47.png","small":"https:\/\/ayudaenaccion.org\/uploads\/2024\/08\/icono_diana-480x151.png","medium":"https:\/\/ayudaenaccion.org\/uploads\/2024\/08\/icono_diana.png","large":"https:\/\/ayudaenaccion.org\/uploads\/2024\/08\/icono_diana.png","original":"https:\/\/ayudaenaccion.org\/uploads\/2024\/08\/icono_diana.png"},"width":704},"image_alignment":"","image_animated":"","image_description":"","image_position":"","label":"","subtitle":"","text":"<p><span style=\"font-weight: 400;\">We know that life is a balance. We offer flexible work, working from home and special leave for important moments.<\/span><\/p>\n","text_position":"","title":"Work-life balance","title_tag":"","title_size":"","video":"","title_animation":"","info_link_label":"","info_link_url":"","info_link_target":"_self"}},{"type":"card","values":{"background_color":"transparent","text_color":"","cta_color_redesign":"","cta":[],"description":"","id":"","image":{"alt":"Icono videollamada","caption":"","height":222,"src":{"thumbnail":"https:\/\/ayudaenaccion.org\/uploads\/2024\/08\/icono_videollamada-150x47.png","small":"https:\/\/ayudaenaccion.org\/uploads\/2024\/08\/icono_videollamada-480x151.png","medium":"https:\/\/ayudaenaccion.org\/uploads\/2024\/08\/icono_videollamada.png","large":"https:\/\/ayudaenaccion.org\/uploads\/2024\/08\/icono_videollamada.png","original":"https:\/\/ayudaenaccion.org\/uploads\/2024\/08\/icono_videollamada.png"},"width":704},"image_alignment":"","image_animated":"","image_description":"","image_position":"","label":"","subtitle":"","text":"<p><span style=\"font-weight: 400;\">Your future matters to us. We are committed to long-term contracts, continuous training and promotions within the organization. Let&#8217;s grow together!<\/span><\/p>\n","text_position":"","title":"Opportunities for growth and stability","title_tag":"","title_size":"","video":"","title_animation":"","info_link_label":"","info_link_url":"","info_link_target":"_self"}},{"type":"card","values":{"background_color":"transparent","text_color":"","cta_color_redesign":"","cta":[],"description":"","id":"","image":{"alt":"Icono de ayuda","caption":"","height":222,"src":{"thumbnail":"https:\/\/ayudaenaccion.org\/uploads\/2024\/08\/ayuda_icono-150x47.png","small":"https:\/\/ayudaenaccion.org\/uploads\/2024\/08\/ayuda_icono-480x151.png","medium":"https:\/\/ayudaenaccion.org\/uploads\/2024\/08\/ayuda_icono.png","large":"https:\/\/ayudaenaccion.org\/uploads\/2024\/08\/ayuda_icono.png","original":"https:\/\/ayudaenaccion.org\/uploads\/2024\/08\/ayuda_icono.png"},"width":704},"image_alignment":"","image_animated":"","image_description":"","image_position":"","label":"","subtitle":"","text":"<p><span style=\"font-weight: 400;\">Diversity is our strength. We work in international contexts with people from different backgrounds and nationalities.<\/span><\/p>\n","text_position":"","title":"Multicultural environment","title_tag":"","title_size":"","video":"","title_animation":"","info_link_label":"","info_link_url":"","info_link_target":"_self"}}]}},{"type":"carouselwithtext","id":"","label":"","title":"Current job openings ","subtitle":"<p><span style=\"font-weight: 400;\">Check out the job openings we have for you and join the team to start changing thousands of lives. <\/span><\/p>\n","text":"","background_color":"bk-white","background_color_saturation":"","text_color":"","content_position":"","car_position_mobile":"","car_position_desktop":"","carousel_title_tag":"","car_extension_desktop":"content--centered","bk_extension":"full-width bk-white","cta":{"type":"cta","values":{"text":"View job openings","sub1":"","sub2":"","cta_url":"https:\/\/empleoayudaenaccion.talentclue.com\/en\/ayuda-en-acci%C3%B3n","target":"_self","microcopy_text":"","microcopy_icon":null,"microcopy_color":""}},"cta_color":"button--bg-main","values":{"items":[{"type":"slidercard","values":{"image":{"alt":"","caption":"","height":533,"src":{"thumbnail":"https:\/\/ayudaenaccion.org\/uploads\/2024\/07\/RS32956_IMG_3875_lpr-150x100.jpg","small":"https:\/\/ayudaenaccion.org\/uploads\/2024\/07\/RS32956_IMG_3875_lpr-480x320.jpg","medium":"https:\/\/ayudaenaccion.org\/uploads\/2024\/07\/RS32956_IMG_3875_lpr.jpg","large":"https:\/\/ayudaenaccion.org\/uploads\/2024\/07\/RS32956_IMG_3875_lpr.jpg","original":"https:\/\/ayudaenaccion.org\/uploads\/2024\/07\/RS32956_IMG_3875_lpr.jpg"},"width":800},"title":"","text":"","description":"","video":"","cta":{"type":"cta","values":{"text":"","sub1":"","sub2":"","cta_url":"","target":"_self","microcopy_text":"","microcopy_icon":null,"microcopy_color":"gray"}}}}]}},{"type":"boxgrid","id":"","title":"Working for an NGO: consulting and internship offers","text":"","background_color":"bk-gray","values":{"items":[{"type":"box","values":{"type":"box-text","text_color":"","distribution":"rows_2","background_color":"transparent","background_color_saturation":"","cta":{"type":"cta","values":{"text":"View consulting offers","sub1":"","sub2":"","cta_url":"https:\/\/empleoayudaenaccion.talentclue.com\/en\/node\/57195952","target":"_self","microcopy_text":"","microcopy_icon":null,"microcopy_color":""}},"cta_color":"white","cta2":{"type":"cta","values":{"text":"","sub1":"","sub2":"","cta_url":"","target":"_self","microcopy_text":"","microcopy_icon":null,"microcopy_color":""}},"cta2_color":"white","image":{"alt":"","caption":"","height":96,"src":{"thumbnail":"https:\/\/ayudaenaccion.org\/uploads\/2024\/05\/icono-transformacion-personal-96x.png","small":"https:\/\/ayudaenaccion.org\/uploads\/2024\/05\/icono-transformacion-personal-96x.png","medium":"https:\/\/ayudaenaccion.org\/uploads\/2024\/05\/icono-transformacion-personal-96x.png","large":"https:\/\/ayudaenaccion.org\/uploads\/2024\/05\/icono-transformacion-personal-96x.png","original":"https:\/\/ayudaenaccion.org\/uploads\/2024\/05\/icono-transformacion-personal-96x.png"},"width":96},"label":"","text":"Discover all the consulting offers available. There are in various countries around the world and related to different fields.","title":"Consulting","subtitle":"","description":"","previewtext":""}},{"type":"box","values":{"type":"box-text","text_color":"","distribution":"rows_2","background_color":"transparent","background_color_saturation":"","cta":{"type":"cta","values":{"text":"View internship offers","sub1":"","sub2":"","cta_url":"https:\/\/empleoayudaenaccion.talentclue.com\/en\/node\/76461960","target":"_self","microcopy_text":"","microcopy_icon":null,"microcopy_color":""}},"cta_color":"white","cta2":{"type":"cta","values":{"text":"","sub1":"","sub2":"","cta_url":"","target":"_self","microcopy_text":"","microcopy_icon":null,"microcopy_color":""}},"cta2_color":"white","image":{"alt":"","caption":"","height":96,"src":{"thumbnail":"https:\/\/ayudaenaccion.org\/uploads\/2024\/05\/icono-mujer-herramientas-96x.png","small":"https:\/\/ayudaenaccion.org\/uploads\/2024\/05\/icono-mujer-herramientas-96x.png","medium":"https:\/\/ayudaenaccion.org\/uploads\/2024\/05\/icono-mujer-herramientas-96x.png","large":"https:\/\/ayudaenaccion.org\/uploads\/2024\/05\/icono-mujer-herramientas-96x.png","original":"https:\/\/ayudaenaccion.org\/uploads\/2024\/05\/icono-mujer-herramientas-96x.png"},"width":96},"label":"","text":"Check out all the university internship offers we have in the organization. Start your career with purpose.","title":"University internships","subtitle":"","description":"","previewtext":""}}]}},{"type":"boxgrid","id":"","title":"Job board and consultant roster","text":"Can't find the perfect offer for you? Don't worry, we want to meet you! We have created a job board and consultant roster for those vacancies or projects that, although not open at the moment, are often available.","background_color":"bk-white","values":{"items":[{"type":"box","values":{"type":"box-text","text_color":"","distribution":"rows_2","background_color":"transparent","background_color_saturation":"","cta":{"type":"cta","values":{"text":"View job board","sub1":"","sub2":"","cta_url":"https:\/\/empleoayudaenaccion.talentclue.com\/en\/node\/90218607","target":"_self","microcopy_text":"","microcopy_icon":null,"microcopy_color":""}},"cta_color":"white","cta2":{"type":"cta","values":{"text":"","sub1":"","sub2":"","cta_url":"","target":"_self","microcopy_text":"","microcopy_icon":null,"microcopy_color":""}},"cta2_color":"white","image":{"alt":"","caption":"","height":96,"src":{"thumbnail":"https:\/\/ayudaenaccion.org\/uploads\/2024\/05\/icono-ordenador-herramienta-96x.png","small":"https:\/\/ayudaenaccion.org\/uploads\/2024\/05\/icono-ordenador-herramienta-96x.png","medium":"https:\/\/ayudaenaccion.org\/uploads\/2024\/05\/icono-ordenador-herramienta-96x.png","large":"https:\/\/ayudaenaccion.org\/uploads\/2024\/05\/icono-ordenador-herramienta-96x.png","original":"https:\/\/ayudaenaccion.org\/uploads\/2024\/05\/icono-ordenador-herramienta-96x.png"},"width":96},"label":"","text":"Sign up for our job board and we will consider your CV when we have job openings available.","title":"Job board ","subtitle":"","description":"","previewtext":""}},{"type":"box","values":{"type":"box-text","text_color":"","distribution":"rows_2","background_color":"transparent","background_color_saturation":"","cta":{"type":"cta","values":{"text":"See consultant roster","sub1":"","sub2":"","cta_url":"https:\/\/empleoayudaenaccion.talentclue.com\/en\/node\/105211201","target":"_self","microcopy_text":"","microcopy_icon":null,"microcopy_color":""}},"cta_color":"white","cta2":{"type":"cta","values":{"text":"","sub1":"","sub2":"","cta_url":"","target":"_self","microcopy_text":"","microcopy_icon":null,"microcopy_color":""}},"cta2_color":"white","image":{"alt":"","caption":"","height":96,"src":{"thumbnail":"https:\/\/ayudaenaccion.org\/uploads\/2024\/05\/icono-ordenador-conexion-96x.png","small":"https:\/\/ayudaenaccion.org\/uploads\/2024\/05\/icono-ordenador-conexion-96x.png","medium":"https:\/\/ayudaenaccion.org\/uploads\/2024\/05\/icono-ordenador-conexion-96x.png","large":"https:\/\/ayudaenaccion.org\/uploads\/2024\/05\/icono-ordenador-conexion-96x.png","original":"https:\/\/ayudaenaccion.org\/uploads\/2024\/05\/icono-ordenador-conexion-96x.png"},"width":96},"label":"","text":"Join our consultant roster and we will consider you for future projects.","title":"Consultant roster","subtitle":"","description":"","previewtext":""}}]}},{"type":"layout_content","values":{"id":"","title":"Send us your CV: join our talent pool","label":"","text":"<p><span style=\"font-weight: 400;\">If you haven&#8217;t found what you&#8217;re looking for, don&#8217;t worry, send us your CV and we&#8217;ll consider you for future selection processes.<\/span><\/p>\n<p><span style=\"font-weight: 400;\">We want to get to know you and keep you on our radar when new opportunities arise!<\/span><\/p>\n","cta":{"type":"cta","values":{"text":"Send CV","sub1":"","sub2":"","cta_url":"https:\/\/empleoayudaenaccion.talentclue.com\/en\/node\/add\/cv\/job\/37572920\/company\/37067300\/4590","target":"_self","microcopy_text":"","microcopy_icon":null,"microcopy_color":""}},"margins":"","text_position":"","text_color":"","background_color":"bk-gray","background_color_saturation":"","cta_color":"button--bg-main","content_title_tag":"","bk_extension":"full-width bk-gray"}},{"type":"faq_post_list","values":{"id":"","title":"Frequently Asked Questions","subtitle":"","description":"","background_color":"bk-white","bk_extension":"full-width bk-white","background_color_saturation":"","text_color":"","faqlist_title_tag":"","items":[{"slug":"https:\/\/ayudaenaccion.org\/en\/faq\/i-have-applied-for-a-job-offer\/","title":"I have applied for a job offer at Ayuda en Acci\u00f3n, how does the selection process continue?","content":"<span style=\"font-weight: 400;\">The Human Resources team of Ayuda en Acci\u00f3n will receive your application and review it carefully to assess whether it matches the requirements of the vacancy. Regardless of the outcome, we will keep you updated on the next steps via email notification.<\/span>"},{"slug":"https:\/\/ayudaenaccion.org\/en\/faq\/what-can-i-do-if-i-cannot-find-a-job-offer\/","title":"What can I do if I cannot find a job offer that currently matches my profile?","content":"<span style=\"font-weight: 400;\">You can sign up for our talent pool <\/span><a href=\"https:\/\/empleoayudaenaccion.talentclue.com\/es\/node\/add\/cv\/job\/37572920\/company\/37067300\/4590\" target=\"_blank\" rel=\"noopener\"><span style=\"font-weight: 400;\">here<\/span><\/a><span style=\"font-weight: 400;\">. Send us your CV and we will contact you when a job opportunity matching your profile arises.<\/span>"},{"slug":"https:\/\/ayudaenaccion.org\/en\/faq\/can-i-send-my-cv-to-an-email-address-directly\/","title":"Can I send my CV to an email address directly to the Human Resources team?","content":"<span style=\"font-weight: 400;\">No, we need to receive all the applications through the subscriptions to a specific offer or to our talent pool in order to comply with the data protection law.<\/span>"},{"slug":"https:\/\/ayudaenaccion.org\/en\/faq\/if-i-apply-for-a-posted-job-offer-and-i-am-not-selected\/","title":"If I apply for a posted job offer and I am not selected, will my data be kept for future job opportunities?","content":"<span style=\"font-weight: 400;\">Yes, you have to accept the RGPD terms and conditions and your data will be stored in our talent pool. You will be sent another RGPC request every two years and, if you do not accept it, your data will be deleted from our talent pool.<\/span>"},{"slug":"https:\/\/ayudaenaccion.org\/en\/faq\/i-am-trying-to-apply-for-an-offer\/","title":"I am trying to apply for an offer, but I get an error message, where can I contact you to help me to solve it?","content":"<span style=\"font-weight: 400;\">You can send us your request at the following address <\/span><span style=\"font-weight: 400;\">https:\/\/ayudaenaccion.org\/contacto\/<\/span><span style=\"font-weight: 400;\">. We will contact you as soon as possible to give you an answer!<\/span>"},{"slug":"https:\/\/ayudaenaccion.org\/en\/what-is-a-roster\/","title":"What is a roster?","content":"<span style=\"font-weight: 400;\">It is a database where people and companies interested in offering their consulting services or in participating in short-term projects can proactively submit their resumes. This roster includes consulting specialists from various regions, including the European Union, Latin America and Africa. <\/span><a href=\"https:\/\/empleoayudaenaccion.talentclue.com\/es\/node\/57195952\" target=\"_blank\" rel=\"noopener\"><span style=\"font-weight: 400;\">Sign up here<\/span><\/a><span style=\"font-weight: 400;\">!<\/span>"}]}}]},"_links":{"self":[{"href":"https:\/\/ayudaenaccion.org\/en\/wp-json\/wp\/v2\/pages\/32567","targetHints":{"allow":["GET"]}}],"collection":[{"href":"https:\/\/ayudaenaccion.org\/en\/wp-json\/wp\/v2\/pages"}],"about":[{"href":"https:\/\/ayudaenaccion.org\/en\/wp-json\/wp\/v2\/types\/page"}],"author":[{"embeddable":true,"href":"https:\/\/ayudaenaccion.org\/en\/wp-json\/wp\/v2\/users\/1"}],"replies":[{"embeddable":true,"href":"https:\/\/ayudaenaccion.org\/en\/wp-json\/wp\/v2\/comments?post=32567"}],"version-history":[{"count":7,"href":"https:\/\/ayudaenaccion.org\/en\/wp-json\/wp\/v2\/pages\/32567\/revisions"}],"predecessor-version":[{"id":35207,"href":"https:\/\/ayudaenaccion.org\/en\/wp-json\/wp\/v2\/pages\/32567\/revisions\/35207"}],"wp:featuredmedia":[{"embeddable":true,"href":"https:\/\/ayudaenaccion.org\/en\/wp-json\/wp\/v2\/media\/31764"}],"wp:attachment":[{"href":"https:\/\/ayudaenaccion.org\/en\/wp-json\/wp\/v2\/media?parent=32567"}],"curies":[{"name":"wp","href":"https:\/\/api.w.org\/{rel}","templated":true}]}}