{"id":37608,"title":"Portugal","type":"page","template":"default","content":"","excerpt":"","slug":"portugal","image":{"alt":"Project in Portugal","caption":"","height":576,"src":{"thumbnail":"https:\/\/ayudaenaccion.org\/uploads\/2025\/04\/portugal-hero-mobile-150x89.jpg","small":"https:\/\/ayudaenaccion.org\/uploads\/2025\/04\/portugal-hero-mobile-480x284.jpg","medium":"https:\/\/ayudaenaccion.org\/uploads\/2025\/04\/portugal-hero-mobile.jpg","large":"https:\/\/ayudaenaccion.org\/uploads\/2025\/04\/portugal-hero-mobile.jpg","original":"https:\/\/ayudaenaccion.org\/uploads\/2025\/04\/portugal-hero-mobile.jpg"},"width":973},"date":"2025-05-05 05:58:22","hero":{"slides":[{"title":"Our work in Portugal","title_link":"","title_target":"_self","label":"","content":"","show_content":"","video_url":"","img_size":"fullWidth","shadow":"1","type_title":"","image_footer_text":"","image":{"alt":"","caption":"","height":774,"src":{"thumbnail":"https:\/\/ayudaenaccion.org\/uploads\/2025\/05\/portugal-desktop-150x60.jpg","small":"https:\/\/ayudaenaccion.org\/uploads\/2025\/05\/portugal-desktop-480x194.jpg","medium":"https:\/\/ayudaenaccion.org\/uploads\/2025\/05\/portugal-desktop-1024x413.jpg","large":"https:\/\/ayudaenaccion.org\/uploads\/2025\/05\/portugal-desktop.jpg","original":"https:\/\/ayudaenaccion.org\/uploads\/2025\/05\/portugal-desktop.jpg"},"width":1920},"image_mobile":{"alt":"Project in Portugal","caption":"","height":576,"src":{"thumbnail":"https:\/\/ayudaenaccion.org\/uploads\/2025\/04\/portugal-hero-mobile-150x89.jpg","small":"https:\/\/ayudaenaccion.org\/uploads\/2025\/04\/portugal-hero-mobile-480x284.jpg","medium":"https:\/\/ayudaenaccion.org\/uploads\/2025\/04\/portugal-hero-mobile.jpg","large":"https:\/\/ayudaenaccion.org\/uploads\/2025\/04\/portugal-hero-mobile.jpg","original":"https:\/\/ayudaenaccion.org\/uploads\/2025\/04\/portugal-hero-mobile.jpg"},"width":973},"cta":{"text":"","sub1":"","sub2":"","url":"","color":"button--bg-main","target":"_blank","microcopy_text":"","microcopy_icon":null,"microcopy_color":""},"desktop_content_position":"right","mobile_content_position":"","background_color":"--color-white","background_color_saturation":"","text_color":"","hero_title_tag":"1"}]},"flexible_content":{"items":[{"type":"layout_content","values":{"id":"","title":"","label":"","text":"<p>We have been working in social action since 2017, developing programs in Lisbon and international development cooperation projects, mainly in Mozambique. We focus our efforts especially on children, adolescents, and young adults.<\/p>\n","cta":{"type":"cta","values":{"text":"","sub1":"","sub2":"","cta_url":"","target":"_self","microcopy_text":"","microcopy_icon":null,"microcopy_color":""}},"margins":"","text_position":"","text_color":"","background_color":"bk-white","background_color_saturation":"","cta_color":"button--bg-main","content_title_tag":"","bk_extension":"full-width bk-white"}},{"type":"featureddatagrid","id":"","label":"","title":"General data in 2024","subtitle":"","breakpoints":"columns_3","background_color":"bk-gray","bk_extension":"full-width bk-gray","background_color_saturation":"","text_color":"","title_tag":"","cta_label":"","cta_url":"","cta_target":"_self","cta_color":"button--bg-main","cta_microcopy_text":"","cta_microcopy_icon":null,"cta_microcopy_color":"","values":{"items":[{"type":"card","values":{"background_color":"","text_color":"","cta_color_redesign":"button--bg-main","cta":{"type":"cta","values":{"text":"","sub1":"","sub2":"","cta_url":"","target":"_self","microcopy_text":"","microcopy_icon":null,"microcopy_color":""}},"description":"Allocated funds.","id":"","image":null,"image_alignment":"","image_animated":"","image_description":"","image_position":"","label":"","subtitle":"","text":"","text_position":"","title":"\u20ac 439 688","title_tag":"","title_size":"","video":"","title_animation":"animation-no","info_link_label":"","info_link_url":"","info_link_target":""}},{"type":"card","values":{"background_color":"","text_color":"","cta_color_redesign":"button--bg-main","cta":{"type":"cta","values":{"text":"","sub1":"","sub2":"","cta_url":"","target":"_self","microcopy_text":"","microcopy_icon":null,"microcopy_color":""}},"description":"Young people have started working.","id":"","image":null,"image_alignment":"","image_animated":"","image_description":"","image_position":"","label":"","subtitle":"","text":"","text_position":"","title":"71","title_tag":"","title_size":"","video":"","title_animation":"animation-no","info_link_label":"","info_link_url":"","info_link_target":""}},{"type":"card","values":{"background_color":"","text_color":"","cta_color_redesign":"button--bg-main","cta":{"type":"cta","values":{"text":"","sub1":"","sub2":"","cta_url":"","target":"_self","microcopy_text":"","microcopy_icon":null,"microcopy_color":""}},"description":"Enterprises promoted by women.","id":"","image":null,"image_alignment":"","image_animated":"","image_description":"","image_position":"","label":"","subtitle":"","text":"","text_position":"","title":"11","title_tag":"","title_size":"","video":"","title_animation":"animation-no","info_link_label":"","info_link_url":"","info_link_target":""}}]}},{"type":"media_component_serialized","id":"intervention","randomid":"69eb62c25917b","title":"Lines of intervention in Portugal","background_color":"bk-white","items":[{"type":"item_media_serialized","title":"Triple E","text":"<p>Our education and employment programs are aimed at improving educational quality and job creation. We serve young people and women at risk of social exclusion, training them and supporting their insertion into the labor market.<\/p>\n","select":"link","image":null,"zip":false,"pdf":false,"video":"","link":"\/en\/socioeconomic-inclusion\/","buttontext":"LEARN MORE","microcopy_text":"","microcopy_icon":null,"microcopy_color":"","icon":{"alt":"","caption":"","height":222,"src":{"thumbnail":"https:\/\/ayudaenaccion.org\/uploads\/2024\/09\/inclusion-socioec-150x47.jpg","small":"https:\/\/ayudaenaccion.org\/uploads\/2024\/09\/inclusion-socioec-480x151.jpg","medium":"https:\/\/ayudaenaccion.org\/uploads\/2024\/09\/inclusion-socioec.jpg","large":"https:\/\/ayudaenaccion.org\/uploads\/2024\/09\/inclusion-socioec.jpg","original":"https:\/\/ayudaenaccion.org\/uploads\/2024\/09\/inclusion-socioec.jpg"},"width":704}}]},{"type":"geolocation_post_list","values":{"id":"","label":"","title":"Geographic coverage in Portugal","subtitle":"","map_title_tag":"","text_color":"","background_color":"bk-gray","background_color_saturation":"","items":[{"slug":"https:\/\/ayudaenaccion.org\/en\/geolocation\/porto\/","title":"Porto","content":"","geolocation_latitude":"41.15","geolocation_longitude":"-8.6108333333333","taxonomy":{"geolocationcategory":[{"term_id":1128,"name":"Portugal map","slug":"portugal-map","term_group":0,"term_taxonomy_id":1128,"taxonomy":"geolocationcategory","description":"","parent":0,"count":12,"filter":"raw"}]}},{"slug":"https:\/\/ayudaenaccion.org\/en\/geolocation\/vila-nova-de-gaia\/","title":"Vila Nova de Gaia","content":"","geolocation_latitude":"41.133333333333","geolocation_longitude":"-8.6166666666667","taxonomy":{"geolocationcategory":[{"term_id":1128,"name":"Portugal map","slug":"portugal-map","term_group":0,"term_taxonomy_id":1128,"taxonomy":"geolocationcategory","description":"","parent":0,"count":12,"filter":"raw"}]}},{"slug":"https:\/\/ayudaenaccion.org\/en\/geolocation\/coimbra\/","title":"Coimbra","content":"","geolocation_latitude":"\ufeff40.211111111111","geolocation_longitude":"-8.4288888888889","taxonomy":{"geolocationcategory":[{"term_id":1128,"name":"Portugal map","slug":"portugal-map","term_group":0,"term_taxonomy_id":1128,"taxonomy":"geolocationcategory","description":"","parent":0,"count":12,"filter":"raw"}]}},{"slug":"https:\/\/ayudaenaccion.org\/en\/geolocation\/tomar\/","title":"Tomar","content":"","geolocation_latitude":"39.60199","geolocation_longitude":"-8.40924","taxonomy":{"geolocationcategory":[{"term_id":1128,"name":"Portugal map","slug":"portugal-map","term_group":0,"term_taxonomy_id":1128,"taxonomy":"geolocationcategory","description":"","parent":0,"count":12,"filter":"raw"}]}},{"slug":"https:\/\/ayudaenaccion.org\/en\/geolocation\/santarem\/","title":"Santar\u00e9m","content":"","geolocation_latitude":"39.2333","geolocation_longitude":"-8.6833","taxonomy":{"geolocationcategory":[{"term_id":1128,"name":"Portugal map","slug":"portugal-map","term_group":0,"term_taxonomy_id":1128,"taxonomy":"geolocationcategory","description":"","parent":0,"count":12,"filter":"raw"}]}},{"slug":"https:\/\/ayudaenaccion.org\/en\/geolocation\/loures\/","title":"Loures","content":"","geolocation_latitude":"38.833333333333","geolocation_longitude":"-9.1666666666667","taxonomy":{"geolocationcategory":[{"term_id":1128,"name":"Portugal map","slug":"portugal-map","term_group":0,"term_taxonomy_id":1128,"taxonomy":"geolocationcategory","description":"","parent":0,"count":12,"filter":"raw"}]}},{"slug":"https:\/\/ayudaenaccion.org\/en\/geolocation\/amadora\/","title":"Amadora","content":"","geolocation_latitude":"38.75382","geolocation_longitude":"-9.23083","taxonomy":{"geolocationcategory":[{"term_id":1128,"name":"Portugal map","slug":"portugal-map","term_group":0,"term_taxonomy_id":1128,"taxonomy":"geolocationcategory","description":"","parent":0,"count":12,"filter":"raw"}]}},{"slug":"https:\/\/ayudaenaccion.org\/en\/geolocation\/lisbon\/","title":"Lisbon","content":"","geolocation_latitude":"\ufeff38.708042","geolocation_longitude":"-9.139016","taxonomy":{"geolocationcategory":[{"term_id":1128,"name":"Portugal map","slug":"portugal-map","term_group":0,"term_taxonomy_id":1128,"taxonomy":"geolocationcategory","description":"","parent":0,"count":12,"filter":"raw"}]}},{"slug":"https:\/\/ayudaenaccion.org\/en\/geolocation\/almada\/","title":"Almada","content":"","geolocation_latitude":"38.68027778","geolocation_longitude":"-9.15833333","taxonomy":{"geolocationcategory":[{"term_id":1128,"name":"Portugal map","slug":"portugal-map","term_group":0,"term_taxonomy_id":1128,"taxonomy":"geolocationcategory","description":"","parent":0,"count":12,"filter":"raw"}]}},{"slug":"https:\/\/ayudaenaccion.org\/en\/geolocation\/portalegre\/","title":"Portalegre","content":"","geolocation_latitude":"\ufeff39.316666666667","geolocation_longitude":"-7.4166666666667","taxonomy":{"geolocationcategory":[{"term_id":1128,"name":"Portugal map","slug":"portugal-map","term_group":0,"term_taxonomy_id":1128,"taxonomy":"geolocationcategory","description":"","parent":0,"count":12,"filter":"raw"}]}},{"slug":"https:\/\/ayudaenaccion.org\/en\/geolocation\/faro\/","title":"Faro","content":"","geolocation_latitude":"\ufeff37.016111111111","geolocation_longitude":"-7.935","taxonomy":{"geolocationcategory":[{"term_id":1128,"name":"Portugal map","slug":"portugal-map","term_group":0,"term_taxonomy_id":1128,"taxonomy":"geolocationcategory","description":"","parent":0,"count":12,"filter":"raw"}]}},{"slug":"https:\/\/ayudaenaccion.org\/en\/geolocation\/cascais\/","title":"Cascais","content":"","geolocation_latitude":"38.696944444444","geolocation_longitude":"-9.4205555555556","taxonomy":{"geolocationcategory":[{"term_id":1128,"name":"Portugal map","slug":"portugal-map","term_group":0,"term_taxonomy_id":1128,"taxonomy":"geolocationcategory","description":"","parent":0,"count":12,"filter":"raw"}]}}]},"json":"{\"id\":\"\",\"label\":\"\",\"title\":\"Geographic coverage in Portugal\",\"subtitle\":\"\",\"map_title_tag\":\"\",\"text_color\":\"\",\"background_color\":\"bk-gray\",\"background_color_saturation\":\"\",\"items\":[{\"slug\":\"https:\\\/\\\/ayudaenaccion.org\\\/en\\\/geolocation\\\/porto\\\/\",\"title\":\"Porto\",\"content\":\"\",\"geolocation_latitude\":\"41.15\",\"geolocation_longitude\":\"-8.6108333333333\",\"taxonomy\":{\"geolocationcategory\":[{\"term_id\":1128,\"name\":\"Portugal map\",\"slug\":\"portugal-map\",\"term_group\":0,\"term_taxonomy_id\":1128,\"taxonomy\":\"geolocationcategory\",\"description\":\"\",\"parent\":0,\"count\":12,\"filter\":\"raw\"}]}},{\"slug\":\"https:\\\/\\\/ayudaenaccion.org\\\/en\\\/geolocation\\\/vila-nova-de-gaia\\\/\",\"title\":\"Vila Nova de Gaia\",\"content\":\"\",\"geolocation_latitude\":\"41.133333333333\",\"geolocation_longitude\":\"-8.6166666666667\",\"taxonomy\":{\"geolocationcategory\":[{\"term_id\":1128,\"name\":\"Portugal map\",\"slug\":\"portugal-map\",\"term_group\":0,\"term_taxonomy_id\":1128,\"taxonomy\":\"geolocationcategory\",\"description\":\"\",\"parent\":0,\"count\":12,\"filter\":\"raw\"}]}},{\"slug\":\"https:\\\/\\\/ayudaenaccion.org\\\/en\\\/geolocation\\\/coimbra\\\/\",\"title\":\"Coimbra\",\"content\":\"\",\"geolocation_latitude\":\"\\ufeff40.211111111111\",\"geolocation_longitude\":\"-8.4288888888889\",\"taxonomy\":{\"geolocationcategory\":[{\"term_id\":1128,\"name\":\"Portugal map\",\"slug\":\"portugal-map\",\"term_group\":0,\"term_taxonomy_id\":1128,\"taxonomy\":\"geolocationcategory\",\"description\":\"\",\"parent\":0,\"count\":12,\"filter\":\"raw\"}]}},{\"slug\":\"https:\\\/\\\/ayudaenaccion.org\\\/en\\\/geolocation\\\/tomar\\\/\",\"title\":\"Tomar\",\"content\":\"\",\"geolocation_latitude\":\"39.60199\",\"geolocation_longitude\":\"-8.40924\",\"taxonomy\":{\"geolocationcategory\":[{\"term_id\":1128,\"name\":\"Portugal map\",\"slug\":\"portugal-map\",\"term_group\":0,\"term_taxonomy_id\":1128,\"taxonomy\":\"geolocationcategory\",\"description\":\"\",\"parent\":0,\"count\":12,\"filter\":\"raw\"}]}},{\"slug\":\"https:\\\/\\\/ayudaenaccion.org\\\/en\\\/geolocation\\\/santarem\\\/\",\"title\":\"Santar\\u00e9m\",\"content\":\"\",\"geolocation_latitude\":\"39.2333\",\"geolocation_longitude\":\"-8.6833\",\"taxonomy\":{\"geolocationcategory\":[{\"term_id\":1128,\"name\":\"Portugal map\",\"slug\":\"portugal-map\",\"term_group\":0,\"term_taxonomy_id\":1128,\"taxonomy\":\"geolocationcategory\",\"description\":\"\",\"parent\":0,\"count\":12,\"filter\":\"raw\"}]}},{\"slug\":\"https:\\\/\\\/ayudaenaccion.org\\\/en\\\/geolocation\\\/loures\\\/\",\"title\":\"Loures\",\"content\":\"\",\"geolocation_latitude\":\"38.833333333333\",\"geolocation_longitude\":\"-9.1666666666667\",\"taxonomy\":{\"geolocationcategory\":[{\"term_id\":1128,\"name\":\"Portugal map\",\"slug\":\"portugal-map\",\"term_group\":0,\"term_taxonomy_id\":1128,\"taxonomy\":\"geolocationcategory\",\"description\":\"\",\"parent\":0,\"count\":12,\"filter\":\"raw\"}]}},{\"slug\":\"https:\\\/\\\/ayudaenaccion.org\\\/en\\\/geolocation\\\/amadora\\\/\",\"title\":\"Amadora\",\"content\":\"\",\"geolocation_latitude\":\"38.75382\",\"geolocation_longitude\":\"-9.23083\",\"taxonomy\":{\"geolocationcategory\":[{\"term_id\":1128,\"name\":\"Portugal map\",\"slug\":\"portugal-map\",\"term_group\":0,\"term_taxonomy_id\":1128,\"taxonomy\":\"geolocationcategory\",\"description\":\"\",\"parent\":0,\"count\":12,\"filter\":\"raw\"}]}},{\"slug\":\"https:\\\/\\\/ayudaenaccion.org\\\/en\\\/geolocation\\\/lisbon\\\/\",\"title\":\"Lisbon\",\"content\":\"\",\"geolocation_latitude\":\"\\ufeff38.708042\",\"geolocation_longitude\":\"-9.139016\",\"taxonomy\":{\"geolocationcategory\":[{\"term_id\":1128,\"name\":\"Portugal map\",\"slug\":\"portugal-map\",\"term_group\":0,\"term_taxonomy_id\":1128,\"taxonomy\":\"geolocationcategory\",\"description\":\"\",\"parent\":0,\"count\":12,\"filter\":\"raw\"}]}},{\"slug\":\"https:\\\/\\\/ayudaenaccion.org\\\/en\\\/geolocation\\\/almada\\\/\",\"title\":\"Almada\",\"content\":\"\",\"geolocation_latitude\":\"38.68027778\",\"geolocation_longitude\":\"-9.15833333\",\"taxonomy\":{\"geolocationcategory\":[{\"term_id\":1128,\"name\":\"Portugal map\",\"slug\":\"portugal-map\",\"term_group\":0,\"term_taxonomy_id\":1128,\"taxonomy\":\"geolocationcategory\",\"description\":\"\",\"parent\":0,\"count\":12,\"filter\":\"raw\"}]}},{\"slug\":\"https:\\\/\\\/ayudaenaccion.org\\\/en\\\/geolocation\\\/portalegre\\\/\",\"title\":\"Portalegre\",\"content\":\"\",\"geolocation_latitude\":\"\\ufeff39.316666666667\",\"geolocation_longitude\":\"-7.4166666666667\",\"taxonomy\":{\"geolocationcategory\":[{\"term_id\":1128,\"name\":\"Portugal map\",\"slug\":\"portugal-map\",\"term_group\":0,\"term_taxonomy_id\":1128,\"taxonomy\":\"geolocationcategory\",\"description\":\"\",\"parent\":0,\"count\":12,\"filter\":\"raw\"}]}},{\"slug\":\"https:\\\/\\\/ayudaenaccion.org\\\/en\\\/geolocation\\\/faro\\\/\",\"title\":\"Faro\",\"content\":\"\",\"geolocation_latitude\":\"\\ufeff37.016111111111\",\"geolocation_longitude\":\"-7.935\",\"taxonomy\":{\"geolocationcategory\":[{\"term_id\":1128,\"name\":\"Portugal map\",\"slug\":\"portugal-map\",\"term_group\":0,\"term_taxonomy_id\":1128,\"taxonomy\":\"geolocationcategory\",\"description\":\"\",\"parent\":0,\"count\":12,\"filter\":\"raw\"}]}},{\"slug\":\"https:\\\/\\\/ayudaenaccion.org\\\/en\\\/geolocation\\\/cascais\\\/\",\"title\":\"Cascais\",\"content\":\"\",\"geolocation_latitude\":\"38.696944444444\",\"geolocation_longitude\":\"-9.4205555555556\",\"taxonomy\":{\"geolocationcategory\":[{\"term_id\":1128,\"name\":\"Portugal map\",\"slug\":\"portugal-map\",\"term_group\":0,\"term_taxonomy_id\":1128,\"taxonomy\":\"geolocationcategory\",\"description\":\"\",\"parent\":0,\"count\":12,\"filter\":\"raw\"}]}}]}"},{"type":"gridmodal","id":"","label":"","title":"","description":"","background_color":"bk-white","distribution":"rows_2","values":{"items":[{"type":"smallbox","values":{"text_color":"--black","background_color":"secondary","background_color_saturation":"-faded","cta":{"type":"cta","values":{"text":"LIST OF PARTNERS","text_color":"","cta_color":"button--bg-main","microcopy_text":"","microcopy_icon":null,"microcopy_color":""}},"cta_color":"","cta_text_color":"","image":"","label":"","text":"","title":"PARTNERS","subtitle":"","description":"","previewtext":"<p>Local partners, INGOs, UN agencies, government agencies, private sector and academic sector.<\/p>\n"}},{"type":"smallbox","values":{"text_color":"--black","background_color":"turquesa-medio","background_color_saturation":"-faded","cta":{"type":"cta","values":{"text":"LIST OF DONORS","text_color":"","cta_color":"button--bg-main","microcopy_text":"","microcopy_icon":null,"microcopy_color":""}},"cta_color":"","cta_text_color":"","image":"","label":"","text":"","title":"DONORS & NETWORK","subtitle":"","description":"<ul>\n<li>Portugal<\/li>\n<li>Fondation d\u2019Entreprisa ALSTOM<\/li>\n<li>Cleverti-Tecnologias e Inova\u00e7\u00e3o<\/li>\n<li>Espor\u00e3o S.A.<\/li>\n<li>Associa\u00e7\u00e3o de S\u00e3o Bartolomeu dos Aemaes em Lisboa<\/li>\n<li>BPI Funda\u00e7\u00e3o \u201cla Caixa\u201d<\/li>\n<\/ul>\n","previewtext":"<p>Our projects are funded thanks to public and private donors.<\/p>\n"}}]}},{"type":"dropdowngrid","id":"","title":"Publications","label":"","description":"","breakpoints":"","background_color":"bk-white","background_color_saturation":"","text_color":"","title_tag":"","cta_label":"","cta_url":"","cta_color":"button--bg-main","cta_target":"_self","cta_microcopy_text":"","cta_microcopy_icon":null,"cta_microcopy_color":"","values":{"items":[{"type":"card","values":{"background_color":"white","text_color":"","cta_color_redesign":"","cta":[],"description":"","id":"","image":{"alt":"","caption":"","height":564,"src":{"thumbnail":"https:\/\/ayudaenaccion.org\/uploads\/2024\/09\/transiciones-portada-150x212.jpg","small":"https:\/\/ayudaenaccion.org\/uploads\/2024\/09\/transiciones-portada.jpg","medium":"https:\/\/ayudaenaccion.org\/uploads\/2024\/09\/transiciones-portada.jpg","large":"https:\/\/ayudaenaccion.org\/uploads\/2024\/09\/transiciones-portada.jpg","original":"https:\/\/ayudaenaccion.org\/uploads\/2024\/09\/transiciones-portada.jpg"},"width":400},"image_alignment":"","image_animated":"","image_description":"","image_position":"","label":"","subtitle":"","text":"","text_position":"","title":"Challenges for young people in their educational and employment trajectory","title_tag":"","title_size":"","video":"","title_animation":"","info_link_label":"DOWNLOAD","info_link_url":"\/publicaciones\/desafios-juventud-trayectoria-educativa-laboral\/","info_link_target":"_self"}},{"type":"card","values":{"background_color":"white","text_color":"","cta_color_redesign":"","cta":[],"description":"","id":"","image":{"alt":"","caption":"","height":564,"src":{"thumbnail":"https:\/\/ayudaenaccion.org\/uploads\/2024\/03\/portada-soledad-no-deseada-150x212.jpg","small":"https:\/\/ayudaenaccion.org\/uploads\/2024\/03\/portada-soledad-no-deseada.jpg","medium":"https:\/\/ayudaenaccion.org\/uploads\/2024\/03\/portada-soledad-no-deseada.jpg","large":"https:\/\/ayudaenaccion.org\/uploads\/2024\/03\/portada-soledad-no-deseada.jpg","original":"https:\/\/ayudaenaccion.org\/uploads\/2024\/03\/portada-soledad-no-deseada.jpg"},"width":400},"image_alignment":"","image_animated":"","image_description":"","image_position":"","label":"","subtitle":"","text":"","text_position":"","title":"Youth and unwanted loneliness in Spain","title_tag":"","title_size":"","video":"","title_animation":"","info_link_label":"DOWNLOAD","info_link_url":"\/en\/publications\/unwanted-loneliness\/","info_link_target":"_self"}}]}},{"type":"layout_content","values":{"id":"","title":"Contact us","label":"","text":"<p>Mat\u00edas Figueroa<\/p>\n<p>Impact Hub Barcel\u00f3, C\/ Serrano Anguita, 13, 28004 Madrid.<\/p>\n<p>Tel. (+34) 91 522 60 60<\/p>\n","cta":{"type":"cta","values":{"text":"EMAIL US","sub1":"","sub2":"","cta_url":"mailto:informacion@ayudaenaccion.org","target":"_self","microcopy_text":"","microcopy_icon":null,"microcopy_color":""}},"margins":"","text_position":"","text_color":"","background_color":"bk-yellow","background_color_saturation":"","cta_color":"button--bg-main","content_title_tag":"","bk_extension":"full-width bk-yellow"}}]},"_links":{"self":[{"href":"https:\/\/ayudaenaccion.org\/en\/wp-json\/wp\/v2\/pages\/37608","targetHints":{"allow":["GET"]}}],"collection":[{"href":"https:\/\/ayudaenaccion.org\/en\/wp-json\/wp\/v2\/pages"}],"about":[{"href":"https:\/\/ayudaenaccion.org\/en\/wp-json\/wp\/v2\/types\/page"}],"author":[{"embeddable":true,"href":"https:\/\/ayudaenaccion.org\/en\/wp-json\/wp\/v2\/users\/3"}],"replies":[{"embeddable":true,"href":"https:\/\/ayudaenaccion.org\/en\/wp-json\/wp\/v2\/comments?post=37608"}],"version-history":[{"count":5,"href":"https:\/\/ayudaenaccion.org\/en\/wp-json\/wp\/v2\/pages\/37608\/revisions"}],"predecessor-version":[{"id":39531,"href":"https:\/\/ayudaenaccion.org\/en\/wp-json\/wp\/v2\/pages\/37608\/revisions\/39531"}],"up":[{"embeddable":true,"href":"https:\/\/ayudaenaccion.org\/en\/wp-json\/wp\/v2\/pages\/32980"}],"wp:featuredmedia":[{"embeddable":true,"href":"https:\/\/ayudaenaccion.org\/en\/wp-json\/wp\/v2\/media\/37631"}],"wp:attachment":[{"href":"https:\/\/ayudaenaccion.org\/en\/wp-json\/wp\/v2\/media?parent=37608"}],"curies":[{"name":"wp","href":"https:\/\/api.w.org\/{rel}","templated":true}]}}